{"id":3538,"date":"2023-09-27T06:59:43","date_gmt":"2023-09-27T06:59:43","guid":{"rendered":"https:\/\/dev.milksustainabilitycenter.com\/header-new-dark\/"},"modified":"2024-06-04T12:57:55","modified_gmt":"2024-06-04T12:57:55","slug":"pressmeddelande","status":"publish","type":"page","link":"https:\/\/dev.milksustainabilitycenter.com\/sv\/pressmeddelande\/","title":{"rendered":"pressmeddelande"},"content":{"rendered":"\t\t<div data-elementor-type=\"wp-page\" data-elementor-id=\"3538\" class=\"elementor elementor-3538 elementor-14\" data-elementor-post-type=\"page\">\n\t\t\t\t<div class=\"elementor-element elementor-element-2bef34c e-flex e-con-boxed e-con e-parent\" data-id=\"2bef34c\" data-element_type=\"container\" data-e-type=\"container\">\n\t\t\t\t\t<div class=\"e-con-inner\">\n\t\t\t\t\t<\/div>\n\t\t\t\t<\/div>\n\t\t<div class=\"elementor-element elementor-element-21bd8f43 e-flex e-con-boxed e-con e-parent\" data-id=\"21bd8f43\" data-element_type=\"container\" data-e-type=\"container\">\n\t\t\t\t\t<div class=\"e-con-inner\">\n\t\t<div class=\"elementor-element elementor-element-bfa3552 e-flex e-con-boxed e-con e-child\" data-id=\"bfa3552\" data-element_type=\"container\" data-e-type=\"container\">\n\t\t\t\t\t<div class=\"e-con-inner\">\n\t\t<div class=\"elementor-element elementor-element-42e5994 e-flex e-con-boxed e-con e-child\" data-id=\"42e5994\" data-element_type=\"container\" data-e-type=\"container\">\n\t\t\t\t\t<div class=\"e-con-inner\">\n\t\t\t\t<div class=\"elementor-element elementor-element-3d6b020 elementor-widget elementor-widget-heading\" data-id=\"3d6b020\" data-element_type=\"widget\" data-e-type=\"widget\" data-widget_type=\"heading.default\">\n\t\t\t\t<div class=\"elementor-widget-container\">\n\t\t\t\t\t<h2 class=\"elementor-heading-title elementor-size-default\">John Deere och DeLaval ing\u00e5r ett strategiskt partnerskap f\u00f6r h\u00e5llbar mj\u00f6lkproduktion<\/h2>\t\t\t\t<\/div>\n\t\t\t\t<\/div>\n\t\t\t\t<div class=\"elementor-element elementor-element-02322d0 elementor-widget elementor-widget-text-editor\" data-id=\"02322d0\" data-element_type=\"widget\" data-e-type=\"widget\" data-widget_type=\"text-editor.default\">\n\t\t\t\t<div class=\"elementor-widget-container\">\n\t\t\t\t\t\t\t\t\t<p><strong>TUMBA, Sweden 26 september, 2023.<\/strong>\u00a0<\/p>\n<p> John Deere och DeLaval bildar tillsammans Milk Sustainability Center (MSC), ett digitalt ekosystem som hj\u00e4lper lantbrukare att f\u00f6rb\u00e4ttra sin effektivitet och h\u00e5llbarhet.\u202fEkosystemet kommer att vara \u00f6ppet f\u00f6r andra partners, med syftet att kunna f\u00f6rse lantbrukare med den data som beh\u00f6vs f\u00f6r att ha en holistisk \u00f6verblick \u00f6ver mj\u00f6lkproduktion.<\/p>\t\t\t\t\t\t\t\t<\/div>\n\t\t\t\t<\/div>\n\t\t\t\t\t<\/div>\n\t\t\t\t<\/div>\n\t\t<div class=\"elementor-element elementor-element-c3d178e fullheight e-flex e-con-boxed e-con e-child\" data-id=\"c3d178e\" data-element_type=\"container\" data-e-type=\"container\">\n\t\t\t\t\t<div class=\"e-con-inner\">\n\t\t\t\t<div class=\"elementor-element elementor-element-c7fb20b fullheight elementor-widget elementor-widget-image\" data-id=\"c7fb20b\" data-element_type=\"widget\" data-e-type=\"widget\" data-widget_type=\"image.default\">\n\t\t\t\t<div class=\"elementor-widget-container\">\n\t\t\t\t\t\t\t\t\t\t\t\t\t\t\t<img fetchpriority=\"high\" decoding=\"async\" width=\"800\" height=\"450\" src=\"https:\/\/dev.milksustainabilitycenter.com\/wp-content\/uploads\/2023\/11\/press-release.png\" class=\"attachment-large size-large wp-image-3182\" alt=\"\" srcset=\"https:\/\/dev.milksustainabilitycenter.com\/wp-content\/uploads\/2023\/11\/press-release.png 1600w, https:\/\/dev.milksustainabilitycenter.com\/wp-content\/uploads\/2023\/11\/press-release-300x169.png 300w, https:\/\/dev.milksustainabilitycenter.com\/wp-content\/uploads\/2023\/11\/press-release-768x432.png 768w, https:\/\/dev.milksustainabilitycenter.com\/wp-content\/uploads\/2023\/11\/press-release-1536x864.png 1536w, https:\/\/dev.milksustainabilitycenter.com\/wp-content\/uploads\/2023\/11\/press-release-18x10.png 18w\" sizes=\"(max-width: 800px) 100vw, 800px\" \/>\t\t\t\t\t\t\t\t\t\t\t\t\t\t\t<\/div>\n\t\t\t\t<\/div>\n\t\t\t\t\t<\/div>\n\t\t\t\t<\/div>\n\t\t\t\t\t<\/div>\n\t\t\t\t<\/div>\n\t\t\t\t<div class=\"elementor-element elementor-element-2e808fe elementor-widget elementor-widget-text-editor\" data-id=\"2e808fe\" data-element_type=\"widget\" data-e-type=\"widget\" data-widget_type=\"text-editor.default\">\n\t\t\t\t<div class=\"elementor-widget-container\">\n\t\t\t\t\t\t\t\t\t<p>Mj\u00f6lkb\u00f6nder kommer att anv\u00e4nda Milk Sustainability Center f\u00f6r att \u00f6vervaka n\u00e4rings\u00e4mneseffektivitet (NUE) f\u00f6r kv\u00e4ve-, fosfor-, kalium- och koldioxidekvivalenter (CO2e), f\u00f6r hela sin g\u00e5rd, specifika f\u00e4lt eller sin bes\u00e4ttning. MSC kommer ocks\u00e5 att tillhandah\u00e5lla data som g\u00f6r det m\u00f6jligt f\u00f6r mj\u00f6lkb\u00f6nder att j\u00e4mf\u00f6ra sina resultat med andra mejeriverksamheter och identifiera nyckelomr\u00e5den f\u00f6r f\u00f6rb\u00e4ttringar. MSC syftar till att betj\u00e4na mj\u00f6lkb\u00f6nder oberoende av lantbruksmaskiners m\u00e4rken och programvara f\u00f6r bes\u00e4ttningshantering.<\/p> <p>\u201cMj\u00f6lkodling \u00e4r kanske den mest komplexa jordbruksverksamheten idag utan systemintegration mellan gr\u00f6dor och djurs prestanda. Mj\u00f6lkb\u00f6nder anv\u00e4nder ofta fem till sju olika, icke-anslutna mjukvarul\u00f6sningar f\u00f6r att driva sin verksamhet\u201d, s\u00e4ger Dave Chipak, direkt\u00f6r, Dairy &amp; Boskapsproduktionssystem hos John Deere. &#8221;MSC kommer att g\u00f6ra det m\u00f6jligt f\u00f6r mj\u00f6lkb\u00f6nder att ber\u00e4kna, benchmarka, simulera och optimera NUE och CO2e f\u00f6r h\u00e5llbart och l\u00f6nsamt beslutsfattande.&#8221;<\/p> <p>Efter lantbrukargodk\u00e4nnande kommer data fr\u00e5n DeLaval Plus och John Deere Operations Center att vara dras automatiskt in i Milk Sustainability Center. Manuell datainmatning kommer att minska, vilket s\u00e4kerst\u00e4ller h\u00f6g datakvalitet och i slut\u00e4ndan hj\u00e4lper ett helt g\u00e5rdssystem \u2013 \u00e5krar, kor, anst\u00e4llda, r\u00e5dgivare, maskiner och andra tillg\u00e5ngar \u2013 att arbeta effektivt tillsammans.<\/p> <p>MSC \u00e4r molnbaserat f\u00f6r station\u00e4ra eller mobila enheter, byggd och driven av Dairy Data Warehouse BV (DDW), ett holl\u00e4ndskt f\u00f6retag som har varit i drift under de senaste 10 \u00e5ren och erbjuder datal\u00f6sningar f\u00f6r h\u00e5llbart mejeri. Mj\u00f6lkb\u00f6nder, konsulter, \u00e5terf\u00f6rs\u00e4ljare och andra partners kan ocks\u00e5 bjudas in att se sina data i MSC.<\/p> <p>&#8221;Mj\u00f6lkb\u00f6nder letar efter s\u00e4tt att minska sitt milj\u00f6avtryck och f\u00f6rb\u00e4ttra h\u00e5llbarheten&#8221;, s\u00e4ger Lars Bergmann, Executive Vice President Digital Services p\u00e5 DeLaval. &#8221;The Milk Sustainability Centre kommer att hj\u00e4lpa mj\u00f6lkb\u00f6nder att n\u00e5 sina m\u00e5l och m\u00f6ta v\u00e4xande behov hos mejerif\u00f6r\u00e4dlare, \u00e5terf\u00f6rs\u00e4ljare, myndigheter och slutligen konsumenter.&#8221;<\/p> <p>Lanseringen av John Deere-DeLaval-partnerskapet kommer att vara en nyckelfokus i John Deere-montern p\u00e5 AGRITECHNICA 2023-m\u00e4ssan 12-18 november i Hannover, Tyskland. <\/p> <p>Den f\u00f6rsta versionen av MSC kommer att sl\u00e4ppas sommaren 2024 i Nordamerika och utvalda EU-l\u00e4nder och kommer att vara kostnadsfri. En premiumversion med ut\u00f6kade m\u00f6jligheter kommer att sl\u00e4ppas vid ett senare tillf\u00e4lle.<\/p> <p><strong>Om John Deere<\/strong><br \/>Deere &amp; Company (www.JohnDeere.com) \u00e4r en global ledare inom leverans av jordbruks-, bygg- och skogsutrustning. Vi hj\u00e4lper v\u00e5ra kunder att t\u00e4nja p\u00e5 gr\u00e4nserna f\u00f6r vad som \u00e4r m\u00f6jligt p\u00e5 s\u00e4tt som \u00e4r mer produktiva och h\u00e5llbara f\u00f6r att hj\u00e4lpa livet att ta steget fram\u00e5t. V\u00e5ra teknikaktiverade produkter inklusive John Deere Autonomous 8R Tractor, Se &amp; Spray\u2122 och E-Power Gr\u00e4vmaskin \u00e4r bara n\u00e5gra av s\u00e4tten vi hj\u00e4lper till att m\u00f6ta v\u00e4rldens \u00f6kande behov av mat, tak \u00f6ver huvudet och infrastruktur. Deere &amp; F\u00f6retaget tillhandah\u00e5ller \u00e4ven finansiella tj\u00e4nster genom John Deere Financial.<\/p> <p><strong>Om DeLaval<\/strong><br \/>V\u00e5r vision \u00e4r att g\u00f6ra h\u00e5llbar livsmedelsproduktion m\u00f6jlig. Som ett f\u00f6retag byggt p\u00e5 innovation arbetar vi st\u00e4ndigt med att hitta s\u00e4tt att hj\u00e4lpa v\u00e5ra kunder, mj\u00f6lkb\u00f6nder, g\u00f6ra mer med mindre genom att tillhandah\u00e5lla v\u00e4rldsledande mj\u00f6lkningsutrustning och l\u00f6sningar. <br \/>I dag har DeLaval cirka 4 500 passionerade yrkesverksamma p\u00e5 mer \u00e4n 100 marknader runt om i v\u00e4rlden. DeLaval \u00e4r en del av Tetra Laval Group.<\/p> <p>F\u00f6r mer information, bes\u00f6k oss p\u00e5:<\/p> <ul class=\"no-list-style\"> <li><a class=\"link- dark\" href=\"www.deere.com\/en\/news\/\">www.deere.com\/en\/news<\/a><\/li> <li><a class=\"link-dark\" href=\"https :\/\/corporate.delaval.com\/\">https:\/\/corporate.delaval.com<\/a><\/li> <li><a class=\"link-dark\" href=\"dairydatawarehouse.com\">DDW ( dairydatawarehouse.com)<\/a><\/li><\/ul>\t\t\t\t\t\t\t\t<\/div>\n\t\t\t\t<\/div>\n\t\t<div class=\"elementor-element elementor-element-da251b7 e-flex e-con-boxed e-con e-child\" data-id=\"da251b7\" data-element_type=\"container\" data-e-type=\"container\">\n\t\t\t\t\t<div class=\"e-con-inner\">\n\t\t<div class=\"elementor-element elementor-element-98440f6 e-con-full e-flex e-con e-child\" data-id=\"98440f6\" data-element_type=\"container\" data-e-type=\"container\">\n\t\t\t\t<div class=\"elementor-element elementor-element-8fd44f8 elementor-widget__width-initial elementor-widget-mobile_extra__width-initial elementor-widget elementor-widget-text-editor\" data-id=\"8fd44f8\" data-element_type=\"widget\" data-e-type=\"widget\" data-widget_type=\"text-editor.default\">\n\t\t\t\t<div class=\"elementor-widget-container\">\n\t\t\t\t\t\t\t\t\t<p><strong>Contact:<\/strong><br \/>Ralf Lenge<br \/>Public Relations Manager<br \/><a class=\"link-dark\" href=\"mailto:LengeRalf@JohnDeere.com\">LengeRalf@JohnDeere.com<\/a><\/p>\n\t\t\t\t\t\t\t\t<\/div>\n\t\t\t\t<\/div>\n\t\t\t\t<\/div>\n\t\t<div class=\"elementor-element elementor-element-daaf1cd e-con-full e-flex e-con e-child\" data-id=\"daaf1cd\" data-element_type=\"container\" data-e-type=\"container\">\n\t\t\t\t<div class=\"elementor-element elementor-element-d3fbc49 elementor-widget-mobile_extra__width-initial elementor-widget elementor-widget-text-editor\" data-id=\"d3fbc49\" data-element_type=\"widget\" data-e-type=\"widget\" data-widget_type=\"text-editor.default\">\n\t\t\t\t<div class=\"elementor-widget-container\">\n\t\t\t\t\t\t\t\t\t<p><strong>Contact:<\/strong><br \/>Anna-Pia J\u00e4rnfors-Dixner<br \/>SVP Corporate Communications &amp; Sustainability\u00a0\u00a0\u00a0<br \/><a class=\"link-dark\" href=\"mailto:anna-pia.jarnfors@delaval.com\">anna-pia.jarnfors@delaval.com<\/a><\/p>\n\t\t\t\t\t\t\t\t<\/div>\n\t\t\t\t<\/div>\n\t\t\t\t<\/div>\n\t\t\t\t\t<\/div>\n\t\t\t\t<\/div>\n\t\t\t\t\t<\/div>\n\t\t\t\t<\/div>\n\t\t\t\t<\/div>\n\t\t","protected":false},"excerpt":{"rendered":"<p>John Deere och DeLaval ing\u00e5r ett strategiskt partnerskap f\u00f6r h\u00e5llbar mj\u00f6lkproduktion TUMBA, Sweden 26 september, 2023.\u00a0 John Deere och DeLaval bildar tillsammans Milk Sustainability Center (MSC), ett digitalt ekosystem som hj\u00e4lper lantbrukare att f\u00f6rb\u00e4ttra sin effektivitet och h\u00e5llbarhet.\u202fEkosystemet kommer att vara \u00f6ppet f\u00f6r andra partners, med syftet att kunna f\u00f6rse lantbrukare med den data som [&hellip;]<\/p>\n","protected":false},"author":4,"featured_media":0,"parent":0,"menu_order":0,"comment_status":"closed","ping_status":"closed","template":"elementor_header_footer","meta":{"footnotes":""},"class_list":["post-3538","page","type-page","status-publish","hentry"],"yoast_head":"<!-- This site is optimized with the Yoast SEO plugin v27.3 - https:\/\/yoast.com\/product\/yoast-seo-wordpress\/ -->\n<title>pressmeddelande - Milk Sustainability Center<\/title>\n<meta name=\"robots\" content=\"index, follow, max-snippet:-1, max-image-preview:large, max-video-preview:-1\" \/>\n<link rel=\"canonical\" href=\"https:\/\/dev.milksustainabilitycenter.com\/sv\/pressmeddelande\/\" \/>\n<meta property=\"og:locale\" content=\"sv_SE\" \/>\n<meta property=\"og:type\" content=\"article\" \/>\n<meta property=\"og:title\" content=\"pressmeddelande - Milk Sustainability Center\" \/>\n<meta property=\"og:description\" content=\"John Deere och DeLaval ing\u00e5r ett strategiskt partnerskap f\u00f6r h\u00e5llbar mj\u00f6lkproduktion TUMBA, Sweden 26 september, 2023.\u00a0 John Deere och DeLaval bildar tillsammans Milk Sustainability Center (MSC), ett digitalt ekosystem som hj\u00e4lper lantbrukare att f\u00f6rb\u00e4ttra sin effektivitet och h\u00e5llbarhet.\u202fEkosystemet kommer att vara \u00f6ppet f\u00f6r andra partners, med syftet att kunna f\u00f6rse lantbrukare med den data som [&hellip;]\" \/>\n<meta property=\"og:url\" content=\"https:\/\/dev.milksustainabilitycenter.com\/sv\/pressmeddelande\/\" \/>\n<meta property=\"og:site_name\" content=\"Milk Sustainability Center\" \/>\n<meta property=\"article:modified_time\" content=\"2024-06-04T12:57:55+00:00\" \/>\n<meta property=\"og:image\" content=\"https:\/\/dev.milksustainabilitycenter.com\/wp-content\/uploads\/2023\/11\/press-release.png\" \/>\n<meta name=\"twitter:card\" content=\"summary_large_image\" \/>\n<meta name=\"twitter:label1\" content=\"Ber\u00e4knad l\u00e4stid\" \/>\n\t<meta name=\"twitter:data1\" content=\"4 minuter\" \/>\n<script type=\"application\/ld+json\" class=\"yoast-schema-graph\">{\"@context\":\"https:\\\/\\\/schema.org\",\"@graph\":[{\"@type\":\"WebPage\",\"@id\":\"https:\\\/\\\/dev.milksustainabilitycenter.com\\\/sv\\\/pressmeddelande\\\/\",\"url\":\"https:\\\/\\\/dev.milksustainabilitycenter.com\\\/sv\\\/pressmeddelande\\\/\",\"name\":\"pressmeddelande - Milk Sustainability Center\",\"isPartOf\":{\"@id\":\"https:\\\/\\\/dev.milksustainabilitycenter.com\\\/sv\\\/#website\"},\"primaryImageOfPage\":{\"@id\":\"https:\\\/\\\/dev.milksustainabilitycenter.com\\\/sv\\\/pressmeddelande\\\/#primaryimage\"},\"image\":{\"@id\":\"https:\\\/\\\/dev.milksustainabilitycenter.com\\\/sv\\\/pressmeddelande\\\/#primaryimage\"},\"thumbnailUrl\":\"https:\\\/\\\/dev.milksustainabilitycenter.com\\\/wp-content\\\/uploads\\\/2023\\\/11\\\/press-release.png\",\"datePublished\":\"2023-09-27T06:59:43+00:00\",\"dateModified\":\"2024-06-04T12:57:55+00:00\",\"breadcrumb\":{\"@id\":\"https:\\\/\\\/dev.milksustainabilitycenter.com\\\/sv\\\/pressmeddelande\\\/#breadcrumb\"},\"inLanguage\":\"sv-SE\",\"potentialAction\":[{\"@type\":\"ReadAction\",\"target\":[\"https:\\\/\\\/dev.milksustainabilitycenter.com\\\/sv\\\/pressmeddelande\\\/\"]}]},{\"@type\":\"ImageObject\",\"inLanguage\":\"sv-SE\",\"@id\":\"https:\\\/\\\/dev.milksustainabilitycenter.com\\\/sv\\\/pressmeddelande\\\/#primaryimage\",\"url\":\"https:\\\/\\\/dev.milksustainabilitycenter.com\\\/wp-content\\\/uploads\\\/2023\\\/11\\\/press-release.png\",\"contentUrl\":\"https:\\\/\\\/dev.milksustainabilitycenter.com\\\/wp-content\\\/uploads\\\/2023\\\/11\\\/press-release.png\"},{\"@type\":\"BreadcrumbList\",\"@id\":\"https:\\\/\\\/dev.milksustainabilitycenter.com\\\/sv\\\/pressmeddelande\\\/#breadcrumb\",\"itemListElement\":[{\"@type\":\"ListItem\",\"position\":1,\"name\":\"Home\",\"item\":\"https:\\\/\\\/dev.milksustainabilitycenter.com\\\/sv\\\/\"},{\"@type\":\"ListItem\",\"position\":2,\"name\":\"pressmeddelande\"}]},{\"@type\":\"WebSite\",\"@id\":\"https:\\\/\\\/dev.milksustainabilitycenter.com\\\/sv\\\/#website\",\"url\":\"https:\\\/\\\/dev.milksustainabilitycenter.com\\\/sv\\\/\",\"name\":\"Milk Sustainability Center\",\"description\":\"\",\"publisher\":{\"@id\":\"https:\\\/\\\/dev.milksustainabilitycenter.com\\\/sv\\\/#organization\"},\"potentialAction\":[{\"@type\":\"SearchAction\",\"target\":{\"@type\":\"EntryPoint\",\"urlTemplate\":\"https:\\\/\\\/dev.milksustainabilitycenter.com\\\/sv\\\/?s={search_term_string}\"},\"query-input\":{\"@type\":\"PropertyValueSpecification\",\"valueRequired\":true,\"valueName\":\"search_term_string\"}}],\"inLanguage\":\"sv-SE\"},{\"@type\":\"Organization\",\"@id\":\"https:\\\/\\\/dev.milksustainabilitycenter.com\\\/sv\\\/#organization\",\"name\":\"Milk Sustainability Center\",\"url\":\"https:\\\/\\\/dev.milksustainabilitycenter.com\\\/sv\\\/\",\"logo\":{\"@type\":\"ImageObject\",\"inLanguage\":\"sv-SE\",\"@id\":\"https:\\\/\\\/dev.milksustainabilitycenter.com\\\/sv\\\/#\\\/schema\\\/logo\\\/image\\\/\",\"url\":\"https:\\\/\\\/dev.milksustainabilitycenter.com\\\/wp-content\\\/uploads\\\/2023\\\/11\\\/PRIMARY-FullColor.png\",\"contentUrl\":\"https:\\\/\\\/dev.milksustainabilitycenter.com\\\/wp-content\\\/uploads\\\/2023\\\/11\\\/PRIMARY-FullColor.png\",\"width\":3696,\"height\":1666,\"caption\":\"Milk Sustainability Center\"},\"image\":{\"@id\":\"https:\\\/\\\/dev.milksustainabilitycenter.com\\\/sv\\\/#\\\/schema\\\/logo\\\/image\\\/\"}}]}<\/script>\n<!-- \/ Yoast SEO plugin. -->","yoast_head_json":{"title":"pressmeddelande - Milk Sustainability Center","robots":{"index":"index","follow":"follow","max-snippet":"max-snippet:-1","max-image-preview":"max-image-preview:large","max-video-preview":"max-video-preview:-1"},"canonical":"https:\/\/dev.milksustainabilitycenter.com\/sv\/pressmeddelande\/","og_locale":"sv_SE","og_type":"article","og_title":"pressmeddelande - Milk Sustainability Center","og_description":"John Deere och DeLaval ing\u00e5r ett strategiskt partnerskap f\u00f6r h\u00e5llbar mj\u00f6lkproduktion TUMBA, Sweden 26 september, 2023.\u00a0 John Deere och DeLaval bildar tillsammans Milk Sustainability Center (MSC), ett digitalt ekosystem som hj\u00e4lper lantbrukare att f\u00f6rb\u00e4ttra sin effektivitet och h\u00e5llbarhet.\u202fEkosystemet kommer att vara \u00f6ppet f\u00f6r andra partners, med syftet att kunna f\u00f6rse lantbrukare med den data som [&hellip;]","og_url":"https:\/\/dev.milksustainabilitycenter.com\/sv\/pressmeddelande\/","og_site_name":"Milk Sustainability Center","article_modified_time":"2024-06-04T12:57:55+00:00","og_image":[{"url":"https:\/\/dev.milksustainabilitycenter.com\/wp-content\/uploads\/2023\/11\/press-release.png","type":"","width":"","height":""}],"twitter_card":"summary_large_image","twitter_misc":{"Ber\u00e4knad l\u00e4stid":"4 minuter"},"schema":{"@context":"https:\/\/schema.org","@graph":[{"@type":"WebPage","@id":"https:\/\/dev.milksustainabilitycenter.com\/sv\/pressmeddelande\/","url":"https:\/\/dev.milksustainabilitycenter.com\/sv\/pressmeddelande\/","name":"pressmeddelande - Milk Sustainability Center","isPartOf":{"@id":"https:\/\/dev.milksustainabilitycenter.com\/sv\/#website"},"primaryImageOfPage":{"@id":"https:\/\/dev.milksustainabilitycenter.com\/sv\/pressmeddelande\/#primaryimage"},"image":{"@id":"https:\/\/dev.milksustainabilitycenter.com\/sv\/pressmeddelande\/#primaryimage"},"thumbnailUrl":"https:\/\/dev.milksustainabilitycenter.com\/wp-content\/uploads\/2023\/11\/press-release.png","datePublished":"2023-09-27T06:59:43+00:00","dateModified":"2024-06-04T12:57:55+00:00","breadcrumb":{"@id":"https:\/\/dev.milksustainabilitycenter.com\/sv\/pressmeddelande\/#breadcrumb"},"inLanguage":"sv-SE","potentialAction":[{"@type":"ReadAction","target":["https:\/\/dev.milksustainabilitycenter.com\/sv\/pressmeddelande\/"]}]},{"@type":"ImageObject","inLanguage":"sv-SE","@id":"https:\/\/dev.milksustainabilitycenter.com\/sv\/pressmeddelande\/#primaryimage","url":"https:\/\/dev.milksustainabilitycenter.com\/wp-content\/uploads\/2023\/11\/press-release.png","contentUrl":"https:\/\/dev.milksustainabilitycenter.com\/wp-content\/uploads\/2023\/11\/press-release.png"},{"@type":"BreadcrumbList","@id":"https:\/\/dev.milksustainabilitycenter.com\/sv\/pressmeddelande\/#breadcrumb","itemListElement":[{"@type":"ListItem","position":1,"name":"Home","item":"https:\/\/dev.milksustainabilitycenter.com\/sv\/"},{"@type":"ListItem","position":2,"name":"pressmeddelande"}]},{"@type":"WebSite","@id":"https:\/\/dev.milksustainabilitycenter.com\/sv\/#website","url":"https:\/\/dev.milksustainabilitycenter.com\/sv\/","name":"Milk Sustainability Center","description":"","publisher":{"@id":"https:\/\/dev.milksustainabilitycenter.com\/sv\/#organization"},"potentialAction":[{"@type":"SearchAction","target":{"@type":"EntryPoint","urlTemplate":"https:\/\/dev.milksustainabilitycenter.com\/sv\/?s={search_term_string}"},"query-input":{"@type":"PropertyValueSpecification","valueRequired":true,"valueName":"search_term_string"}}],"inLanguage":"sv-SE"},{"@type":"Organization","@id":"https:\/\/dev.milksustainabilitycenter.com\/sv\/#organization","name":"Milk Sustainability Center","url":"https:\/\/dev.milksustainabilitycenter.com\/sv\/","logo":{"@type":"ImageObject","inLanguage":"sv-SE","@id":"https:\/\/dev.milksustainabilitycenter.com\/sv\/#\/schema\/logo\/image\/","url":"https:\/\/dev.milksustainabilitycenter.com\/wp-content\/uploads\/2023\/11\/PRIMARY-FullColor.png","contentUrl":"https:\/\/dev.milksustainabilitycenter.com\/wp-content\/uploads\/2023\/11\/PRIMARY-FullColor.png","width":3696,"height":1666,"caption":"Milk Sustainability Center"},"image":{"@id":"https:\/\/dev.milksustainabilitycenter.com\/sv\/#\/schema\/logo\/image\/"}}]}},"_links":{"self":[{"href":"https:\/\/dev.milksustainabilitycenter.com\/sv\/wp-json\/wp\/v2\/pages\/3538","targetHints":{"allow":["GET"]}}],"collection":[{"href":"https:\/\/dev.milksustainabilitycenter.com\/sv\/wp-json\/wp\/v2\/pages"}],"about":[{"href":"https:\/\/dev.milksustainabilitycenter.com\/sv\/wp-json\/wp\/v2\/types\/page"}],"author":[{"embeddable":true,"href":"https:\/\/dev.milksustainabilitycenter.com\/sv\/wp-json\/wp\/v2\/users\/4"}],"replies":[{"embeddable":true,"href":"https:\/\/dev.milksustainabilitycenter.com\/sv\/wp-json\/wp\/v2\/comments?post=3538"}],"version-history":[{"count":9,"href":"https:\/\/dev.milksustainabilitycenter.com\/sv\/wp-json\/wp\/v2\/pages\/3538\/revisions"}],"predecessor-version":[{"id":7373,"href":"https:\/\/dev.milksustainabilitycenter.com\/sv\/wp-json\/wp\/v2\/pages\/3538\/revisions\/7373"}],"wp:attachment":[{"href":"https:\/\/dev.milksustainabilitycenter.com\/sv\/wp-json\/wp\/v2\/media?parent=3538"}],"curies":[{"name":"wp","href":"https:\/\/api.w.org\/{rel}","templated":true}]}}