{"id":4083,"date":"2023-09-27T06:59:43","date_gmt":"2023-09-27T06:59:43","guid":{"rendered":"https:\/\/dev.milksustainabilitycenter.com\/pressemelding\/"},"modified":"2024-05-13T13:36:47","modified_gmt":"2024-05-13T13:36:47","slug":"pressemelding","status":"publish","type":"page","link":"https:\/\/dev.milksustainabilitycenter.com\/no\/pressemelding\/","title":{"rendered":"Pressemelding"},"content":{"rendered":"\t\t<div data-elementor-type=\"wp-page\" data-elementor-id=\"4083\" class=\"elementor elementor-4083 elementor-14\" data-elementor-post-type=\"page\">\n\t\t\t\t<div class=\"elementor-element elementor-element-2bef34c e-flex e-con-boxed e-con e-parent\" data-id=\"2bef34c\" data-element_type=\"container\" data-e-type=\"container\">\n\t\t\t\t\t<div class=\"e-con-inner\">\n\t\t\t\t\t<\/div>\n\t\t\t\t<\/div>\n\t\t<div class=\"elementor-element elementor-element-21bd8f43 e-flex e-con-boxed e-con e-parent\" data-id=\"21bd8f43\" data-element_type=\"container\" data-e-type=\"container\">\n\t\t\t\t\t<div class=\"e-con-inner\">\n\t\t<div class=\"elementor-element elementor-element-bfa3552 e-flex e-con-boxed e-con e-child\" data-id=\"bfa3552\" data-element_type=\"container\" data-e-type=\"container\">\n\t\t\t\t\t<div class=\"e-con-inner\">\n\t\t<div class=\"elementor-element elementor-element-42e5994 e-flex e-con-boxed e-con e-child\" data-id=\"42e5994\" data-element_type=\"container\" data-e-type=\"container\">\n\t\t\t\t\t<div class=\"e-con-inner\">\n\t\t\t\t<div class=\"elementor-element elementor-element-3d6b020 elementor-widget elementor-widget-heading\" data-id=\"3d6b020\" data-element_type=\"widget\" data-e-type=\"widget\" data-widget_type=\"heading.default\">\n\t\t\t\t<div class=\"elementor-widget-container\">\n\t\t\t\t\t<h2 class=\"elementor-heading-title elementor-size-default\">John Deere og DeLaval danner strategisk partnerskap for b\u00e6rekraftig melkeproduksjon<\/h2>\t\t\t\t<\/div>\n\t\t\t\t<\/div>\n\t\t\t\t<div class=\"elementor-element elementor-element-02322d0 elementor-widget elementor-widget-text-editor\" data-id=\"02322d0\" data-element_type=\"widget\" data-e-type=\"widget\" data-widget_type=\"text-editor.default\">\n\t\t\t\t<div class=\"elementor-widget-container\">\n\t\t\t\t\t\t\t\t\t<p><strong>MOLINE, Illinois (22. september 2023)<\/strong> <\/p>\n<p>John Deere og DeLaval har g\u00e5tt sammen om \u00e5 skape Milk Sustainability Center (MSC), et digitalt \u00f8kosystem for \u00e5 hjelpe melkeprodusenter med \u00e5 forbedre effektiviteten og b\u00e6rekraften i driften. \u00d8kosystemet vil v\u00e6re \u00e5pent for partnere \u00e5 slutte seg til, med m\u00e5l om \u00e5 gi b\u00f8ndene data som trengs for et helhetlig syn p\u00e5 meieridriften.<\/p>\t\t\t\t\t\t\t\t<\/div>\n\t\t\t\t<\/div>\n\t\t\t\t\t<\/div>\n\t\t\t\t<\/div>\n\t\t<div class=\"elementor-element elementor-element-c3d178e fullheight e-flex e-con-boxed e-con e-child\" data-id=\"c3d178e\" data-element_type=\"container\" data-e-type=\"container\">\n\t\t\t\t\t<div class=\"e-con-inner\">\n\t\t\t\t<div class=\"elementor-element elementor-element-c7fb20b fullheight elementor-widget elementor-widget-image\" data-id=\"c7fb20b\" data-element_type=\"widget\" data-e-type=\"widget\" data-widget_type=\"image.default\">\n\t\t\t\t<div class=\"elementor-widget-container\">\n\t\t\t\t\t\t\t\t\t\t\t\t\t\t\t<img fetchpriority=\"high\" decoding=\"async\" width=\"800\" height=\"450\" src=\"https:\/\/dev.milksustainabilitycenter.com\/wp-content\/uploads\/2023\/11\/press-release.png\" class=\"attachment-large size-large wp-image-4084\" alt=\"\" srcset=\"https:\/\/dev.milksustainabilitycenter.com\/wp-content\/uploads\/2023\/11\/press-release.png 1600w, https:\/\/dev.milksustainabilitycenter.com\/wp-content\/uploads\/2023\/11\/press-release-300x169.png 300w, https:\/\/dev.milksustainabilitycenter.com\/wp-content\/uploads\/2023\/11\/press-release-768x432.png 768w, https:\/\/dev.milksustainabilitycenter.com\/wp-content\/uploads\/2023\/11\/press-release-1536x864.png 1536w, https:\/\/dev.milksustainabilitycenter.com\/wp-content\/uploads\/2023\/11\/press-release-18x10.png 18w\" sizes=\"(max-width: 800px) 100vw, 800px\" \/>\t\t\t\t\t\t\t\t\t\t\t\t\t\t\t<\/div>\n\t\t\t\t<\/div>\n\t\t\t\t\t<\/div>\n\t\t\t\t<\/div>\n\t\t\t\t\t<\/div>\n\t\t\t\t<\/div>\n\t\t\t\t<div class=\"elementor-element elementor-element-2e808fe elementor-widget elementor-widget-text-editor\" data-id=\"2e808fe\" data-element_type=\"widget\" data-e-type=\"widget\" data-widget_type=\"text-editor.default\">\n\t\t\t\t<div class=\"elementor-widget-container\">\n\t\t\t\t\t\t\t\t\t<p>Melkeb\u00f8nder vil bruke Milk Sustainability Center til \u00e5 overv\u00e5ke n\u00e6ringsbrukseffektivitet (NUE) for nitrogen-, fosfor-, kalium- og karbondioksidekvivalenter (CO2e), for hele g\u00e5rden, spesifikke felt eller besetningen deres. MSC vil ogs\u00e5 levere data for \u00e5 tillate melkeb\u00f8nder \u00e5 sammenligne sine prestasjoner med andre meierivirksomheter og identifisere n\u00f8kkelomr\u00e5der for forbedring. MSC har som m\u00e5l \u00e5 betjene melkeb\u00f8nder uavhengig av g\u00e5rdsmaskinmerker og besetningsstyringsprogramvare.<\/p>\n<p>&laquo;Meieridrift er kanskje den mest komplekse landbruksvirksomheten i dag uten systemintegrasjon mellom avling og dyrs ytelse. Melkeb\u00f8nder bruker ofte fem til syv forskjellige, ikke-tilkoblede programvarel\u00f8sninger for \u00e5 drive virksomheten sin, sier Dave Chipak, direkt\u00f8r for meieri- og husdyrproduksjonssystemer hos John Deere. &laquo;MSC vil gj\u00f8re det mulig for melkeprodusenter \u00e5 beregne, benchmarke, simulere og optimalisere NUE og CO2e for b\u00e6rekraftig og l\u00f8nnsom beslutningstaking.&raquo;<\/p>\n<p>Etter bondegodkjenning vil data fra DeLaval Plus og John Deere Operations Center automatisk trekkes inn i Milk Sustainability Center. Manuell datainngang vil reduseres, noe som sikrer h\u00f8y datakvalitet, og hjelper til slutt et helt g\u00e5rdssystem \u2013 \u00e5ker, kyr, ansatte, r\u00e5dgivere, maskiner og andre eiendeler \u2013 til \u00e5 jobbe effektivt sammen.<\/p>\n<p>MSC er skybasert for stasjon\u00e6re eller mobile enheter, bygget og drevet av Dairy Data Warehouse BV (DDW), et nederlandsk basert selskap som har v\u00e6rt i drift de siste 10 \u00e5rene og tilbyr datal\u00f8sninger for b\u00e6rekraftig meieri. Melkeb\u00f8nder, konsulenter, forhandlere og andre partnere kan ogs\u00e5 inviteres til \u00e5 se dataene deres i MSC.<\/p>\n<p>&laquo;Mj\u00f8lkeb\u00f8nder leter etter m\u00e5ter \u00e5 redusere deres milj\u00f8fotavtrykk og forbedre b\u00e6rekraften,&raquo; sa Lars Bergmann, Executive Vice President Digital Services i DeLaval. &laquo;The Milk Sustainability Center vil hjelpe melkeb\u00f8nder med \u00e5 n\u00e5 sine m\u00e5l og m\u00f8te de \u00f8kende behovene til melkeprodusenter, forhandlere, myndigheter og til slutt forbrukere.&raquo;<\/p>\n<p>Lanseringen av John Deere-DeLaval-partnerskapet vil v\u00e6re et sentralt fokus i John Deere-standen p\u00e5 AGRITECHNICA 2023-messen 12.-18. november i Hannover, Tyskland.  <\/p>\n<p>Den f\u00f8rste versjonen av MSC vil bli utgitt sommeren 2024 i Nord-Amerika og utvalgte EU-land og vil v\u00e6re gratis. En premiumversjon med utvidede muligheter vil bli utgitt p\u00e5 et senere tidspunkt.<\/p>\n<p><strong>Om John Deere<\/strong><br>Deere &amp; Company (www.JohnDeere.com) er en global leder innen levering av landbruks-, konstruksjons- og skogbruksutstyr. Vi hjelper kundene v\u00e5re \u00e5 flytte grensene for hva som er mulig p\u00e5 m\u00e5ter som er mer produktive og b\u00e6rekraftige for \u00e5 hjelpe livet med \u00e5 hoppe fremover. V\u00e5re teknologiaktiverte produkter, inkludert John Deere Autonomous 8R Tractor, See &amp; Spray\u2122 og E-Power Gravemaskin, er bare noen av m\u00e5tene vi hjelper til med \u00e5 m\u00f8te verdens \u00f8kende behov for mat, husly og infrastruktur. Deere &amp; Company tilbyr ogs\u00e5 finansielle tjenester gjennom John Deere Financial.<\/p>\n<p><strong>Om DeLaval<\/strong><br>V\u00e5r visjon er \u00e5 gj\u00f8re b\u00e6rekraftig matproduksjon mulig. Som et selskap bygget p\u00e5 innovasjon jobber vi hele tiden med \u00e5 finne m\u00e5ter \u00e5 hjelpe v\u00e5re kunder, melkeprodusenter, til \u00e5 gj\u00f8re mer med mindre ved \u00e5 tilby verdensledende melkeutstyr og l\u00f8sninger.  <br>I dag har DeLaval omtrent 4500 lidenskapelige fagfolk som opererer i mer enn 100 markeder rundt om i verden. DeLaval er en del av Tetra Laval Group.<\/p>\n<p>For mer informasjon, bes\u00f8k oss p\u00e5:<\/p>\n<ul class=\"no-list-style\">\n<li><a class=\"link-dark\" href=\"www.deere.com\/en\/news\/\">www.deere.com\/en\/news<\/a><\/li>\n<li><a class=\"link-dark\" href=\"https:\/\/corporate.delaval.com\/\">https:\/\/corporate.delaval.com<\/a><\/li>\n<li><a class=\"link-dark\" href=\"dairydatawarehouse.com\">DDW (dairydatawarehouse.com)<\/a><\/li><\/ul>\t\t\t\t\t\t\t\t<\/div>\n\t\t\t\t<\/div>\n\t\t<div class=\"elementor-element elementor-element-da251b7 e-flex e-con-boxed e-con e-child\" data-id=\"da251b7\" data-element_type=\"container\" data-e-type=\"container\">\n\t\t\t\t\t<div class=\"e-con-inner\">\n\t\t<div class=\"elementor-element elementor-element-98440f6 e-con-full e-flex e-con e-child\" data-id=\"98440f6\" data-element_type=\"container\" data-e-type=\"container\">\n\t\t\t\t<div class=\"elementor-element elementor-element-8fd44f8 elementor-widget__width-initial elementor-widget-mobile_extra__width-initial elementor-widget elementor-widget-text-editor\" data-id=\"8fd44f8\" data-element_type=\"widget\" data-e-type=\"widget\" data-widget_type=\"text-editor.default\">\n\t\t\t\t<div class=\"elementor-widget-container\">\n\t\t\t\t\t\t\t\t\t<p><strong>Kontakt:<\/strong><br \/>Ralf Lenge<br \/>PR-leder<br \/><a class=\"link-dark\" href=\"mailto:LengeRalf@JohnDeere.com\">LengeRalf@JohnDeere.com<\/a><\/p>\n\t\t\t\t\t\t\t\t<\/div>\n\t\t\t\t<\/div>\n\t\t\t\t<\/div>\n\t\t<div class=\"elementor-element elementor-element-daaf1cd e-con-full e-flex e-con e-child\" data-id=\"daaf1cd\" data-element_type=\"container\" data-e-type=\"container\">\n\t\t\t\t<div class=\"elementor-element elementor-element-d3fbc49 elementor-widget-mobile_extra__width-initial elementor-widget elementor-widget-text-editor\" data-id=\"d3fbc49\" data-element_type=\"widget\" data-e-type=\"widget\" data-widget_type=\"text-editor.default\">\n\t\t\t\t<div class=\"elementor-widget-container\">\n\t\t\t\t\t\t\t\t\t<p><strong>Kontakt:<\/strong><br \/>Anna-Pia J\u00e4rnfors-Dixner<br \/>SVP Corporate Communications &amp; Sustainability  <br \/><a class=\"link-dark\" href=\"mailto:anna-pia.jarnfors@delaval.com\">anna-pia.jarnfors@delaval.com<\/a><\/p>\n\t\t\t\t\t\t\t\t<\/div>\n\t\t\t\t<\/div>\n\t\t\t\t<\/div>\n\t\t\t\t\t<\/div>\n\t\t\t\t<\/div>\n\t\t\t\t\t<\/div>\n\t\t\t\t<\/div>\n\t\t\t\t<\/div>\n\t\t","protected":false},"excerpt":{"rendered":"<p>John Deere og DeLaval danner strategisk partnerskap for b\u00e6rekraftig melkeproduksjon MOLINE, Illinois (22. september 2023) John Deere og DeLaval har g\u00e5tt sammen om \u00e5 skape Milk Sustainability Center (MSC), et digitalt \u00f8kosystem for \u00e5 hjelpe melkeprodusenter med \u00e5 forbedre effektiviteten og b\u00e6rekraften i driften. \u00d8kosystemet vil v\u00e6re \u00e5pent for partnere \u00e5 slutte seg til, med [&hellip;]<\/p>\n","protected":false},"author":4,"featured_media":0,"parent":0,"menu_order":0,"comment_status":"closed","ping_status":"closed","template":"elementor_header_footer","meta":{"footnotes":""},"class_list":["post-4083","page","type-page","status-publish","hentry"],"yoast_head":"<!-- This site is optimized with the Yoast SEO plugin v27.3 - https:\/\/yoast.com\/product\/yoast-seo-wordpress\/ -->\n<title>Pressemelding - Milk Sustainability Center<\/title>\n<meta name=\"robots\" content=\"index, follow, max-snippet:-1, max-image-preview:large, max-video-preview:-1\" \/>\n<link rel=\"canonical\" href=\"https:\/\/dev.milksustainabilitycenter.com\/no\/pressemelding\/\" \/>\n<meta property=\"og:locale\" content=\"nb_NO\" \/>\n<meta property=\"og:type\" content=\"article\" \/>\n<meta property=\"og:title\" content=\"Pressemelding - Milk Sustainability Center\" \/>\n<meta property=\"og:description\" content=\"John Deere og DeLaval danner strategisk partnerskap for b\u00e6rekraftig melkeproduksjon MOLINE, Illinois (22. september 2023) John Deere og DeLaval har g\u00e5tt sammen om \u00e5 skape Milk Sustainability Center (MSC), et digitalt \u00f8kosystem for \u00e5 hjelpe melkeprodusenter med \u00e5 forbedre effektiviteten og b\u00e6rekraften i driften. \u00d8kosystemet vil v\u00e6re \u00e5pent for partnere \u00e5 slutte seg til, med [&hellip;]\" \/>\n<meta property=\"og:url\" content=\"https:\/\/dev.milksustainabilitycenter.com\/no\/pressemelding\/\" \/>\n<meta property=\"og:site_name\" content=\"Milk Sustainability Center\" \/>\n<meta property=\"article:modified_time\" content=\"2024-05-13T13:36:47+00:00\" \/>\n<meta property=\"og:image\" content=\"https:\/\/dev.milksustainabilitycenter.com\/wp-content\/uploads\/2023\/11\/press-release.png\" \/>\n<meta name=\"twitter:card\" content=\"summary_large_image\" \/>\n<meta name=\"twitter:label1\" content=\"Ansl. lesetid\" \/>\n\t<meta name=\"twitter:data1\" content=\"3 minutter\" \/>\n<script type=\"application\/ld+json\" class=\"yoast-schema-graph\">{\"@context\":\"https:\\\/\\\/schema.org\",\"@graph\":[{\"@type\":\"WebPage\",\"@id\":\"https:\\\/\\\/dev.milksustainabilitycenter.com\\\/no\\\/pressemelding\\\/\",\"url\":\"https:\\\/\\\/dev.milksustainabilitycenter.com\\\/no\\\/pressemelding\\\/\",\"name\":\"Pressemelding - Milk Sustainability Center\",\"isPartOf\":{\"@id\":\"https:\\\/\\\/dev.milksustainabilitycenter.com\\\/no\\\/#website\"},\"primaryImageOfPage\":{\"@id\":\"https:\\\/\\\/dev.milksustainabilitycenter.com\\\/no\\\/pressemelding\\\/#primaryimage\"},\"image\":{\"@id\":\"https:\\\/\\\/dev.milksustainabilitycenter.com\\\/no\\\/pressemelding\\\/#primaryimage\"},\"thumbnailUrl\":\"https:\\\/\\\/dev.milksustainabilitycenter.com\\\/wp-content\\\/uploads\\\/2023\\\/11\\\/press-release.png\",\"datePublished\":\"2023-09-27T06:59:43+00:00\",\"dateModified\":\"2024-05-13T13:36:47+00:00\",\"breadcrumb\":{\"@id\":\"https:\\\/\\\/dev.milksustainabilitycenter.com\\\/no\\\/pressemelding\\\/#breadcrumb\"},\"inLanguage\":\"nb-NO\",\"potentialAction\":[{\"@type\":\"ReadAction\",\"target\":[\"https:\\\/\\\/dev.milksustainabilitycenter.com\\\/no\\\/pressemelding\\\/\"]}]},{\"@type\":\"ImageObject\",\"inLanguage\":\"nb-NO\",\"@id\":\"https:\\\/\\\/dev.milksustainabilitycenter.com\\\/no\\\/pressemelding\\\/#primaryimage\",\"url\":\"https:\\\/\\\/dev.milksustainabilitycenter.com\\\/wp-content\\\/uploads\\\/2023\\\/11\\\/press-release.png\",\"contentUrl\":\"https:\\\/\\\/dev.milksustainabilitycenter.com\\\/wp-content\\\/uploads\\\/2023\\\/11\\\/press-release.png\"},{\"@type\":\"BreadcrumbList\",\"@id\":\"https:\\\/\\\/dev.milksustainabilitycenter.com\\\/no\\\/pressemelding\\\/#breadcrumb\",\"itemListElement\":[{\"@type\":\"ListItem\",\"position\":1,\"name\":\"Home\",\"item\":\"https:\\\/\\\/dev.milksustainabilitycenter.com\\\/no\\\/\"},{\"@type\":\"ListItem\",\"position\":2,\"name\":\"Pressemelding\"}]},{\"@type\":\"WebSite\",\"@id\":\"https:\\\/\\\/dev.milksustainabilitycenter.com\\\/no\\\/#website\",\"url\":\"https:\\\/\\\/dev.milksustainabilitycenter.com\\\/no\\\/\",\"name\":\"Milk Sustainability Center\",\"description\":\"\",\"publisher\":{\"@id\":\"https:\\\/\\\/dev.milksustainabilitycenter.com\\\/no\\\/#organization\"},\"potentialAction\":[{\"@type\":\"SearchAction\",\"target\":{\"@type\":\"EntryPoint\",\"urlTemplate\":\"https:\\\/\\\/dev.milksustainabilitycenter.com\\\/no\\\/?s={search_term_string}\"},\"query-input\":{\"@type\":\"PropertyValueSpecification\",\"valueRequired\":true,\"valueName\":\"search_term_string\"}}],\"inLanguage\":\"nb-NO\"},{\"@type\":\"Organization\",\"@id\":\"https:\\\/\\\/dev.milksustainabilitycenter.com\\\/no\\\/#organization\",\"name\":\"Milk Sustainability Center\",\"url\":\"https:\\\/\\\/dev.milksustainabilitycenter.com\\\/no\\\/\",\"logo\":{\"@type\":\"ImageObject\",\"inLanguage\":\"nb-NO\",\"@id\":\"https:\\\/\\\/dev.milksustainabilitycenter.com\\\/no\\\/#\\\/schema\\\/logo\\\/image\\\/\",\"url\":\"https:\\\/\\\/dev.milksustainabilitycenter.com\\\/wp-content\\\/uploads\\\/2023\\\/11\\\/PRIMARY-FullColor.png\",\"contentUrl\":\"https:\\\/\\\/dev.milksustainabilitycenter.com\\\/wp-content\\\/uploads\\\/2023\\\/11\\\/PRIMARY-FullColor.png\",\"width\":3696,\"height\":1666,\"caption\":\"Milk Sustainability Center\"},\"image\":{\"@id\":\"https:\\\/\\\/dev.milksustainabilitycenter.com\\\/no\\\/#\\\/schema\\\/logo\\\/image\\\/\"}}]}<\/script>\n<!-- \/ Yoast SEO plugin. -->","yoast_head_json":{"title":"Pressemelding - Milk Sustainability Center","robots":{"index":"index","follow":"follow","max-snippet":"max-snippet:-1","max-image-preview":"max-image-preview:large","max-video-preview":"max-video-preview:-1"},"canonical":"https:\/\/dev.milksustainabilitycenter.com\/no\/pressemelding\/","og_locale":"nb_NO","og_type":"article","og_title":"Pressemelding - Milk Sustainability Center","og_description":"John Deere og DeLaval danner strategisk partnerskap for b\u00e6rekraftig melkeproduksjon MOLINE, Illinois (22. september 2023) John Deere og DeLaval har g\u00e5tt sammen om \u00e5 skape Milk Sustainability Center (MSC), et digitalt \u00f8kosystem for \u00e5 hjelpe melkeprodusenter med \u00e5 forbedre effektiviteten og b\u00e6rekraften i driften. \u00d8kosystemet vil v\u00e6re \u00e5pent for partnere \u00e5 slutte seg til, med [&hellip;]","og_url":"https:\/\/dev.milksustainabilitycenter.com\/no\/pressemelding\/","og_site_name":"Milk Sustainability Center","article_modified_time":"2024-05-13T13:36:47+00:00","og_image":[{"url":"https:\/\/dev.milksustainabilitycenter.com\/wp-content\/uploads\/2023\/11\/press-release.png","type":"","width":"","height":""}],"twitter_card":"summary_large_image","twitter_misc":{"Ansl. lesetid":"3 minutter"},"schema":{"@context":"https:\/\/schema.org","@graph":[{"@type":"WebPage","@id":"https:\/\/dev.milksustainabilitycenter.com\/no\/pressemelding\/","url":"https:\/\/dev.milksustainabilitycenter.com\/no\/pressemelding\/","name":"Pressemelding - Milk Sustainability Center","isPartOf":{"@id":"https:\/\/dev.milksustainabilitycenter.com\/no\/#website"},"primaryImageOfPage":{"@id":"https:\/\/dev.milksustainabilitycenter.com\/no\/pressemelding\/#primaryimage"},"image":{"@id":"https:\/\/dev.milksustainabilitycenter.com\/no\/pressemelding\/#primaryimage"},"thumbnailUrl":"https:\/\/dev.milksustainabilitycenter.com\/wp-content\/uploads\/2023\/11\/press-release.png","datePublished":"2023-09-27T06:59:43+00:00","dateModified":"2024-05-13T13:36:47+00:00","breadcrumb":{"@id":"https:\/\/dev.milksustainabilitycenter.com\/no\/pressemelding\/#breadcrumb"},"inLanguage":"nb-NO","potentialAction":[{"@type":"ReadAction","target":["https:\/\/dev.milksustainabilitycenter.com\/no\/pressemelding\/"]}]},{"@type":"ImageObject","inLanguage":"nb-NO","@id":"https:\/\/dev.milksustainabilitycenter.com\/no\/pressemelding\/#primaryimage","url":"https:\/\/dev.milksustainabilitycenter.com\/wp-content\/uploads\/2023\/11\/press-release.png","contentUrl":"https:\/\/dev.milksustainabilitycenter.com\/wp-content\/uploads\/2023\/11\/press-release.png"},{"@type":"BreadcrumbList","@id":"https:\/\/dev.milksustainabilitycenter.com\/no\/pressemelding\/#breadcrumb","itemListElement":[{"@type":"ListItem","position":1,"name":"Home","item":"https:\/\/dev.milksustainabilitycenter.com\/no\/"},{"@type":"ListItem","position":2,"name":"Pressemelding"}]},{"@type":"WebSite","@id":"https:\/\/dev.milksustainabilitycenter.com\/no\/#website","url":"https:\/\/dev.milksustainabilitycenter.com\/no\/","name":"Milk Sustainability Center","description":"","publisher":{"@id":"https:\/\/dev.milksustainabilitycenter.com\/no\/#organization"},"potentialAction":[{"@type":"SearchAction","target":{"@type":"EntryPoint","urlTemplate":"https:\/\/dev.milksustainabilitycenter.com\/no\/?s={search_term_string}"},"query-input":{"@type":"PropertyValueSpecification","valueRequired":true,"valueName":"search_term_string"}}],"inLanguage":"nb-NO"},{"@type":"Organization","@id":"https:\/\/dev.milksustainabilitycenter.com\/no\/#organization","name":"Milk Sustainability Center","url":"https:\/\/dev.milksustainabilitycenter.com\/no\/","logo":{"@type":"ImageObject","inLanguage":"nb-NO","@id":"https:\/\/dev.milksustainabilitycenter.com\/no\/#\/schema\/logo\/image\/","url":"https:\/\/dev.milksustainabilitycenter.com\/wp-content\/uploads\/2023\/11\/PRIMARY-FullColor.png","contentUrl":"https:\/\/dev.milksustainabilitycenter.com\/wp-content\/uploads\/2023\/11\/PRIMARY-FullColor.png","width":3696,"height":1666,"caption":"Milk Sustainability Center"},"image":{"@id":"https:\/\/dev.milksustainabilitycenter.com\/no\/#\/schema\/logo\/image\/"}}]}},"_links":{"self":[{"href":"https:\/\/dev.milksustainabilitycenter.com\/no\/wp-json\/wp\/v2\/pages\/4083","targetHints":{"allow":["GET"]}}],"collection":[{"href":"https:\/\/dev.milksustainabilitycenter.com\/no\/wp-json\/wp\/v2\/pages"}],"about":[{"href":"https:\/\/dev.milksustainabilitycenter.com\/no\/wp-json\/wp\/v2\/types\/page"}],"author":[{"embeddable":true,"href":"https:\/\/dev.milksustainabilitycenter.com\/no\/wp-json\/wp\/v2\/users\/4"}],"replies":[{"embeddable":true,"href":"https:\/\/dev.milksustainabilitycenter.com\/no\/wp-json\/wp\/v2\/comments?post=4083"}],"version-history":[{"count":5,"href":"https:\/\/dev.milksustainabilitycenter.com\/no\/wp-json\/wp\/v2\/pages\/4083\/revisions"}],"predecessor-version":[{"id":4704,"href":"https:\/\/dev.milksustainabilitycenter.com\/no\/wp-json\/wp\/v2\/pages\/4083\/revisions\/4704"}],"wp:attachment":[{"href":"https:\/\/dev.milksustainabilitycenter.com\/no\/wp-json\/wp\/v2\/media?parent=4083"}],"curies":[{"name":"wp","href":"https:\/\/api.w.org\/{rel}","templated":true}]}}