{"id":4204,"date":"2023-09-27T06:59:43","date_gmt":"2023-09-27T06:59:43","guid":{"rendered":"https:\/\/dev.milksustainabilitycenter.com\/communique-de-presse\/"},"modified":"2024-05-13T13:36:24","modified_gmt":"2024-05-13T13:36:24","slug":"communique-de-presse","status":"publish","type":"page","link":"https:\/\/dev.milksustainabilitycenter.com\/fr_ca\/communique-de-presse\/","title":{"rendered":"Communiqu\u00e9 de presse"},"content":{"rendered":"\t\t<div data-elementor-type=\"wp-page\" data-elementor-id=\"4204\" class=\"elementor elementor-4204 elementor-14\" data-elementor-post-type=\"page\">\n\t\t\t\t<div class=\"elementor-element elementor-element-2bef34c e-flex e-con-boxed e-con e-parent\" data-id=\"2bef34c\" data-element_type=\"container\" data-e-type=\"container\">\n\t\t\t\t\t<div class=\"e-con-inner\">\n\t\t\t\t\t<\/div>\n\t\t\t\t<\/div>\n\t\t<div class=\"elementor-element elementor-element-21bd8f43 e-flex e-con-boxed e-con e-parent\" data-id=\"21bd8f43\" data-element_type=\"container\" data-e-type=\"container\">\n\t\t\t\t\t<div class=\"e-con-inner\">\n\t\t<div class=\"elementor-element elementor-element-bfa3552 e-flex e-con-boxed e-con e-child\" data-id=\"bfa3552\" data-element_type=\"container\" data-e-type=\"container\">\n\t\t\t\t\t<div class=\"e-con-inner\">\n\t\t<div class=\"elementor-element elementor-element-42e5994 e-flex e-con-boxed e-con e-child\" data-id=\"42e5994\" data-element_type=\"container\" data-e-type=\"container\">\n\t\t\t\t\t<div class=\"e-con-inner\">\n\t\t\t\t<div class=\"elementor-element elementor-element-3d6b020 elementor-widget elementor-widget-heading\" data-id=\"3d6b020\" data-element_type=\"widget\" data-e-type=\"widget\" data-widget_type=\"heading.default\">\n\t\t\t\t<div class=\"elementor-widget-container\">\n\t\t\t\t\t<h2 class=\"elementor-heading-title elementor-size-default\">John Deere et DeLaval forment un partenariat strat\u00e9gique en vue de la production durable de lait<\/h2>\t\t\t\t<\/div>\n\t\t\t\t<\/div>\n\t\t\t\t<div class=\"elementor-element elementor-element-02322d0 elementor-widget elementor-widget-text-editor\" data-id=\"02322d0\" data-element_type=\"widget\" data-e-type=\"widget\" data-widget_type=\"text-editor.default\">\n\t\t\t\t<div class=\"elementor-widget-container\">\n\t\t\t\t\t\t\t\t\t<p><strong>MOLINE (Illinois), le 22 septembre 2023<\/strong> <\/p>\n<p>John Deere et DeLaval ont uni leurs forces pour cr\u00e9er le syst\u00e8me Milk Sustainability Center (MSC), un \u00e9cosyst\u00e8me num\u00e9rique pour aider les producteurs laitiers \u00e0 rendre leurs activit\u00e9s plus efficaces et plus durables. Des partenaires pourront se joindre \u00e0 cet \u00e9cosyst\u00e8me, l\u2019objectif \u00e9tant de fournir aux agriculteurs les donn\u00e9es dont ils ont besoin pour avoir une vue d\u2019ensemble de l\u2019exploitation laiti\u00e8re.<\/p>\t\t\t\t\t\t\t\t<\/div>\n\t\t\t\t<\/div>\n\t\t\t\t\t<\/div>\n\t\t\t\t<\/div>\n\t\t<div class=\"elementor-element elementor-element-c3d178e fullheight e-flex e-con-boxed e-con e-child\" data-id=\"c3d178e\" data-element_type=\"container\" data-e-type=\"container\">\n\t\t\t\t\t<div class=\"e-con-inner\">\n\t\t\t\t<div class=\"elementor-element elementor-element-c7fb20b fullheight elementor-widget elementor-widget-image\" data-id=\"c7fb20b\" data-element_type=\"widget\" data-e-type=\"widget\" data-widget_type=\"image.default\">\n\t\t\t\t<div class=\"elementor-widget-container\">\n\t\t\t\t\t\t\t\t\t\t\t\t\t\t\t<img fetchpriority=\"high\" decoding=\"async\" width=\"800\" height=\"450\" src=\"https:\/\/dev.milksustainabilitycenter.com\/wp-content\/uploads\/2023\/11\/press-release.png\" class=\"attachment-large size-large wp-image-4205\" alt=\"\" srcset=\"https:\/\/dev.milksustainabilitycenter.com\/wp-content\/uploads\/2023\/11\/press-release.png 1600w, https:\/\/dev.milksustainabilitycenter.com\/wp-content\/uploads\/2023\/11\/press-release-300x169.png 300w, https:\/\/dev.milksustainabilitycenter.com\/wp-content\/uploads\/2023\/11\/press-release-768x432.png 768w, https:\/\/dev.milksustainabilitycenter.com\/wp-content\/uploads\/2023\/11\/press-release-1536x864.png 1536w, https:\/\/dev.milksustainabilitycenter.com\/wp-content\/uploads\/2023\/11\/press-release-18x10.png 18w\" sizes=\"(max-width: 800px) 100vw, 800px\" \/>\t\t\t\t\t\t\t\t\t\t\t\t\t\t\t<\/div>\n\t\t\t\t<\/div>\n\t\t\t\t\t<\/div>\n\t\t\t\t<\/div>\n\t\t\t\t\t<\/div>\n\t\t\t\t<\/div>\n\t\t\t\t<div class=\"elementor-element elementor-element-2e808fe elementor-widget elementor-widget-text-editor\" data-id=\"2e808fe\" data-element_type=\"widget\" data-e-type=\"widget\" data-widget_type=\"text-editor.default\">\n\t\t\t\t<div class=\"elementor-widget-container\">\n\t\t\t\t\t\t\t\t\t<p>Les producteurs laitiers se serviront du syst\u00e8me Milk Sustainability Center pour faire un suivi de l\u2019efficacit\u00e9 de l\u2019utilisation des substances nutritives (azote, phosphore, potassium et \u00e9quivalent en dioxyde de carbone [CO2]) pour l\u2019ensemble de leur ferme, pour des champs pr\u00e9cis ou pour leur troupeau. Le syst\u00e8me MSC leur fournira \u00e9galement des donn\u00e9es qui leur permettront de comparer leur rendement \u00e0 celui d\u2019autres producteurs laitiers pour cerner les principales am\u00e9liorations possibles. Le syst\u00e8me MSC est con\u00e7u pour servir tous les producteurs laitiers sans \u00e9gard aux marques d\u2019\u00e9quipement agricole ou logiciels de gestion de troupeau qu\u2019ils utilisent.<\/p>\n<p>\u00ab L\u2019exploitation laiti\u00e8re est sans doute le secteur le plus complexe de l\u2019agriculture de nos jours. Il n\u2019y a aucune int\u00e9gration des syst\u00e8mes de gestion du rendement des r\u00e9coltes et de l\u2019\u00e9levage. Bien souvent, les producteurs laitiers doivent utiliser de cinq \u00e0 sept solutions logicielles diff\u00e9rentes sans liens entre elles pour mener leurs affaires, explique Dave Chipak, directeur, Syst\u00e8me d\u2019\u00e9levage de b\u00e9tail et de production laiti\u00e8re, John Deere. Le syst\u00e8me MSC permettra aux producteurs laitiers de calculer, de comparer, de simuler et d\u2019optimiser l\u2019efficacit\u00e9 de l\u2019utilisation des substances nutritives et l\u2019\u00e9quivalent en CO2 pour prendre des d\u00e9cisions durables et rentables. \u00bb<\/p>\n<p>Avec l\u2019autorisation des agriculteurs, les donn\u00e9es du syst\u00e8me DeLaval Plus et du Centre des op\u00e9rations John Deere seront automatiquement extraites et transf\u00e9r\u00e9es au syst\u00e8me Milk Sustainability Center. Cela r\u00e9duira la saisie de donn\u00e9es manuelle requise et assurera ainsi la qualit\u00e9 des donn\u00e9es pour faire en sorte que tous les \u00e9l\u00e9ments de la ferme \u2013 champs, vaches, employ\u00e9s, conseillers, machines et autres actifs \u2013 travaillent efficacement ensemble.<\/p>\n<p>Le syst\u00e8me MSC est un syst\u00e8me infonuagique pour les ordinateurs de bureau et appareils mobiles con\u00e7u et d\u00e9velopp\u00e9 par Dairy Data Warehouse BV (DDW), une entreprise n\u00e9erlandaise qui offre depuis dix ans des solutions de donn\u00e9es pour une exploitation laiti\u00e8re durable. Les producteurs laitiers, conseillers, concessionnaires et autres partenaires pourront aussi \u00eatre invit\u00e9s \u00e0 consulter les donn\u00e9es dans le syst\u00e8me MSC.<\/p>\n<p>\u00ab Les producteurs laitiers sont \u00e0 la recherche de solutions pour r\u00e9duire leur empreinte environnementale et rehausser la durabilit\u00e9 de leur exploitation, remarque Lars Bergmann, vice-pr\u00e9sident directeur, Services num\u00e9riques, DeLaval. Le syst\u00e8me Milk Sustainability Center aidera les producteurs laitiers \u00e0 atteindre leurs objectifs et \u00e0 r\u00e9pondre aux besoins croissants des transformateurs laitiers, des d\u00e9taillants, des gouvernements et finalement des consommateurs. \u00bb<\/p>\n<p>Le lancement du partenariat John Deere-DeLaval sera l\u2019un des points de mire du kiosque de John Deere au salon AGRITECHNICA 2023, qui se tiendra du 12 au 18 novembre \u00e0 Hanovre, en Allemagne. <\/p>\n<p>La premi\u00e8re version du syst\u00e8me MSC sera offerte gratuitement \u00e0 compter de l\u2019\u00e9t\u00e9 2024 en Am\u00e9rique du Nord et dans certains pays de l\u2019Union europ\u00e9enne. Une version haut de gamme dot\u00e9e de fonctions \u00e9largies sera lanc\u00e9e ult\u00e9rieurement.<\/p>\n<p><strong>\u00c0 propos de John Deere<\/strong><br>Deere &amp; Company (www.fr.JohnDeere.ca) est un chef de file mondial en mati\u00e8re de livraison d\u2019\u00e9quipements agricoles, de construction et de foresterie. Nous aidons nos clients \u00e0 repousser les limites du possible de mani\u00e8res plus productives et durables pour leur permettre d\u2019aller de l\u2019avant. Nos produits technologiques, y compris les tracteurs 8R autonomes, See &amp; Spray\u2122 et les r\u00e9trocaveuses E-Power de John Deere, ne sont que quelques-unes des fa\u00e7ons dont nous r\u00e9pondons aux besoins croissants de la plan\u00e8te en mati\u00e8re de nourriture, d\u2019h\u00e9bergement et d\u2019infrastructures. Deere &amp; Company offre \u00e9galement des services financiers par l\u2019interm\u00e9diaire de John Deere Financial.<\/p>\n<p><strong>\u00c0 propos de DeLaval<\/strong><br>Notre vision consiste \u00e0 rendre possible la production alimentaire durable. En tant qu\u2019entreprise fond\u00e9e sur l\u2019innovation, nous nous effor\u00e7ons constamment de trouver des moyens d\u2019aider nos clients, les productrices et producteurs laitiers, \u00e0 faire plus avec moins en leur fournissant des \u00e9quipements et des solutions de traite de pointe au niveau mondial. <br>Aujourd\u2019hui, DeLaval compte approximativement 4 500 professionnels passionn\u00e9s op\u00e9rant dans plus de 100 march\u00e9s \u00e0 travers le monde. DeLaval fait partie du Groupe Tetra Laval.<\/p>\n<p>Pour obtenir de plus amples renseignements, visitez les pages suivantes:<\/p>\n<ul class=\"no-list-style\">\n<li><a class=\"link-dark\" href=\"www.deere.com\/en\/news\/\">https:\/\/www.deere.ca\/fr\/nouvelles\/ https:\/\/corporate.delaval.com<\/a><\/li>\n<li><a class=\"link-dark\" href=\"https:\/\/corporate.delaval.com\/\">https:\/\/corporate.delaval.com<\/a><\/li>\n<li><a class=\"link-dark\" href=\"dairydatawarehouse.com\">DDW (dairydatawarehouse.com)<\/a><\/li><\/ul>\t\t\t\t\t\t\t\t<\/div>\n\t\t\t\t<\/div>\n\t\t<div class=\"elementor-element elementor-element-da251b7 e-flex e-con-boxed e-con e-child\" data-id=\"da251b7\" data-element_type=\"container\" data-e-type=\"container\">\n\t\t\t\t\t<div class=\"e-con-inner\">\n\t\t<div class=\"elementor-element elementor-element-98440f6 e-con-full e-flex e-con e-child\" data-id=\"98440f6\" data-element_type=\"container\" data-e-type=\"container\">\n\t\t\t\t<div class=\"elementor-element elementor-element-8fd44f8 elementor-widget__width-initial elementor-widget-mobile_extra__width-initial elementor-widget elementor-widget-text-editor\" data-id=\"8fd44f8\" data-element_type=\"widget\" data-e-type=\"widget\" data-widget_type=\"text-editor.default\">\n\t\t\t\t<div class=\"elementor-widget-container\">\n\t\t\t\t\t\t\t\t\t<p><strong>Personne-ressource:<\/strong><br \/>Ralf Lenge<br \/>Directeur, Relations publiques<br \/><a class=\"link-dark\" href=\"mailto:LengeRalf@JohnDeere.com\">LengeRalf@JohnDeere.com<\/a><\/p>\n\t\t\t\t\t\t\t\t<\/div>\n\t\t\t\t<\/div>\n\t\t\t\t<\/div>\n\t\t<div class=\"elementor-element elementor-element-daaf1cd e-con-full e-flex e-con e-child\" data-id=\"daaf1cd\" data-element_type=\"container\" data-e-type=\"container\">\n\t\t\t\t<div class=\"elementor-element elementor-element-d3fbc49 elementor-widget-mobile_extra__width-initial elementor-widget elementor-widget-text-editor\" data-id=\"d3fbc49\" data-element_type=\"widget\" data-e-type=\"widget\" data-widget_type=\"text-editor.default\">\n\t\t\t\t<div class=\"elementor-widget-container\">\n\t\t\t\t\t\t\t\t\t<p><strong>Personne-ressource:<\/strong><br \/>Anna-Pia J\u00e4rnfors-Dixner<br \/>Premi\u00e8re vice-pr\u00e9sidente, Communications d\u2019entreprise et durabilit\u00e9 <br \/><a class=\"link-dark\" href=\"mailto:anna-pia.jarnfors@delaval.com\">anna-pia.jarnfors@delaval.com<\/a><\/p>\n\t\t\t\t\t\t\t\t<\/div>\n\t\t\t\t<\/div>\n\t\t\t\t<\/div>\n\t\t\t\t\t<\/div>\n\t\t\t\t<\/div>\n\t\t\t\t\t<\/div>\n\t\t\t\t<\/div>\n\t\t\t\t<\/div>\n\t\t","protected":false},"excerpt":{"rendered":"<p>John Deere et DeLaval forment un partenariat strat\u00e9gique en vue de la production durable de lait MOLINE (Illinois), le 22 septembre 2023 John Deere et DeLaval ont uni leurs forces pour cr\u00e9er le syst\u00e8me Milk Sustainability Center (MSC), un \u00e9cosyst\u00e8me num\u00e9rique pour aider les producteurs laitiers \u00e0 rendre leurs activit\u00e9s plus efficaces et plus durables. [&hellip;]<\/p>\n","protected":false},"author":4,"featured_media":0,"parent":0,"menu_order":0,"comment_status":"closed","ping_status":"closed","template":"elementor_header_footer","meta":{"footnotes":""},"class_list":["post-4204","page","type-page","status-publish","hentry"],"yoast_head":"<!-- This site is optimized with the Yoast SEO plugin v27.3 - https:\/\/yoast.com\/product\/yoast-seo-wordpress\/ -->\n<title>Communiqu\u00e9 de presse - Milk Sustainability Center<\/title>\n<meta name=\"robots\" content=\"index, follow, max-snippet:-1, max-image-preview:large, max-video-preview:-1\" \/>\n<link rel=\"canonical\" href=\"https:\/\/dev.milksustainabilitycenter.com\/fr_ca\/communique-de-presse\/\" \/>\n<meta property=\"og:locale\" content=\"fr_CA\" \/>\n<meta property=\"og:type\" content=\"article\" \/>\n<meta property=\"og:title\" content=\"Communiqu\u00e9 de presse - Milk Sustainability Center\" \/>\n<meta property=\"og:description\" content=\"John Deere et DeLaval forment un partenariat strat\u00e9gique en vue de la production durable de lait MOLINE (Illinois), le 22 septembre 2023 John Deere et DeLaval ont uni leurs forces pour cr\u00e9er le syst\u00e8me Milk Sustainability Center (MSC), un \u00e9cosyst\u00e8me num\u00e9rique pour aider les producteurs laitiers \u00e0 rendre leurs activit\u00e9s plus efficaces et plus durables. [&hellip;]\" \/>\n<meta property=\"og:url\" content=\"https:\/\/dev.milksustainabilitycenter.com\/fr_ca\/communique-de-presse\/\" \/>\n<meta property=\"og:site_name\" content=\"Milk Sustainability Center\" \/>\n<meta property=\"article:modified_time\" content=\"2024-05-13T13:36:24+00:00\" \/>\n<meta property=\"og:image\" content=\"https:\/\/dev.milksustainabilitycenter.com\/wp-content\/uploads\/2023\/11\/press-release.png\" \/>\n<meta name=\"twitter:card\" content=\"summary_large_image\" \/>\n<meta name=\"twitter:label1\" content=\"Estimation du temps de lecture\" \/>\n\t<meta name=\"twitter:data1\" content=\"4 minutes\" \/>\n<script type=\"application\/ld+json\" class=\"yoast-schema-graph\">{\"@context\":\"https:\\\/\\\/schema.org\",\"@graph\":[{\"@type\":\"WebPage\",\"@id\":\"https:\\\/\\\/dev.milksustainabilitycenter.com\\\/fr_ca\\\/communique-de-presse\\\/\",\"url\":\"https:\\\/\\\/dev.milksustainabilitycenter.com\\\/fr_ca\\\/communique-de-presse\\\/\",\"name\":\"Communiqu\u00e9 de presse - Milk Sustainability Center\",\"isPartOf\":{\"@id\":\"https:\\\/\\\/dev.milksustainabilitycenter.com\\\/fr_ca\\\/#website\"},\"primaryImageOfPage\":{\"@id\":\"https:\\\/\\\/dev.milksustainabilitycenter.com\\\/fr_ca\\\/communique-de-presse\\\/#primaryimage\"},\"image\":{\"@id\":\"https:\\\/\\\/dev.milksustainabilitycenter.com\\\/fr_ca\\\/communique-de-presse\\\/#primaryimage\"},\"thumbnailUrl\":\"https:\\\/\\\/dev.milksustainabilitycenter.com\\\/wp-content\\\/uploads\\\/2023\\\/11\\\/press-release.png\",\"datePublished\":\"2023-09-27T06:59:43+00:00\",\"dateModified\":\"2024-05-13T13:36:24+00:00\",\"breadcrumb\":{\"@id\":\"https:\\\/\\\/dev.milksustainabilitycenter.com\\\/fr_ca\\\/communique-de-presse\\\/#breadcrumb\"},\"inLanguage\":\"fr-CA\",\"potentialAction\":[{\"@type\":\"ReadAction\",\"target\":[\"https:\\\/\\\/dev.milksustainabilitycenter.com\\\/fr_ca\\\/communique-de-presse\\\/\"]}]},{\"@type\":\"ImageObject\",\"inLanguage\":\"fr-CA\",\"@id\":\"https:\\\/\\\/dev.milksustainabilitycenter.com\\\/fr_ca\\\/communique-de-presse\\\/#primaryimage\",\"url\":\"https:\\\/\\\/dev.milksustainabilitycenter.com\\\/wp-content\\\/uploads\\\/2023\\\/11\\\/press-release.png\",\"contentUrl\":\"https:\\\/\\\/dev.milksustainabilitycenter.com\\\/wp-content\\\/uploads\\\/2023\\\/11\\\/press-release.png\"},{\"@type\":\"BreadcrumbList\",\"@id\":\"https:\\\/\\\/dev.milksustainabilitycenter.com\\\/fr_ca\\\/communique-de-presse\\\/#breadcrumb\",\"itemListElement\":[{\"@type\":\"ListItem\",\"position\":1,\"name\":\"Home\",\"item\":\"https:\\\/\\\/dev.milksustainabilitycenter.com\\\/fr_ca\\\/\"},{\"@type\":\"ListItem\",\"position\":2,\"name\":\"Communiqu\u00e9 de presse\"}]},{\"@type\":\"WebSite\",\"@id\":\"https:\\\/\\\/dev.milksustainabilitycenter.com\\\/fr_ca\\\/#website\",\"url\":\"https:\\\/\\\/dev.milksustainabilitycenter.com\\\/fr_ca\\\/\",\"name\":\"Milk Sustainability Center\",\"description\":\"\",\"publisher\":{\"@id\":\"https:\\\/\\\/dev.milksustainabilitycenter.com\\\/fr_ca\\\/#organization\"},\"potentialAction\":[{\"@type\":\"SearchAction\",\"target\":{\"@type\":\"EntryPoint\",\"urlTemplate\":\"https:\\\/\\\/dev.milksustainabilitycenter.com\\\/fr_ca\\\/?s={search_term_string}\"},\"query-input\":{\"@type\":\"PropertyValueSpecification\",\"valueRequired\":true,\"valueName\":\"search_term_string\"}}],\"inLanguage\":\"fr-CA\"},{\"@type\":\"Organization\",\"@id\":\"https:\\\/\\\/dev.milksustainabilitycenter.com\\\/fr_ca\\\/#organization\",\"name\":\"Milk Sustainability Center\",\"url\":\"https:\\\/\\\/dev.milksustainabilitycenter.com\\\/fr_ca\\\/\",\"logo\":{\"@type\":\"ImageObject\",\"inLanguage\":\"fr-CA\",\"@id\":\"https:\\\/\\\/dev.milksustainabilitycenter.com\\\/fr_ca\\\/#\\\/schema\\\/logo\\\/image\\\/\",\"url\":\"https:\\\/\\\/dev.milksustainabilitycenter.com\\\/wp-content\\\/uploads\\\/2023\\\/11\\\/PRIMARY-FullColor.png\",\"contentUrl\":\"https:\\\/\\\/dev.milksustainabilitycenter.com\\\/wp-content\\\/uploads\\\/2023\\\/11\\\/PRIMARY-FullColor.png\",\"width\":3696,\"height\":1666,\"caption\":\"Milk Sustainability Center\"},\"image\":{\"@id\":\"https:\\\/\\\/dev.milksustainabilitycenter.com\\\/fr_ca\\\/#\\\/schema\\\/logo\\\/image\\\/\"}}]}<\/script>\n<!-- \/ Yoast SEO plugin. -->","yoast_head_json":{"title":"Communiqu\u00e9 de presse - Milk Sustainability Center","robots":{"index":"index","follow":"follow","max-snippet":"max-snippet:-1","max-image-preview":"max-image-preview:large","max-video-preview":"max-video-preview:-1"},"canonical":"https:\/\/dev.milksustainabilitycenter.com\/fr_ca\/communique-de-presse\/","og_locale":"fr_CA","og_type":"article","og_title":"Communiqu\u00e9 de presse - Milk Sustainability Center","og_description":"John Deere et DeLaval forment un partenariat strat\u00e9gique en vue de la production durable de lait MOLINE (Illinois), le 22 septembre 2023 John Deere et DeLaval ont uni leurs forces pour cr\u00e9er le syst\u00e8me Milk Sustainability Center (MSC), un \u00e9cosyst\u00e8me num\u00e9rique pour aider les producteurs laitiers \u00e0 rendre leurs activit\u00e9s plus efficaces et plus durables. [&hellip;]","og_url":"https:\/\/dev.milksustainabilitycenter.com\/fr_ca\/communique-de-presse\/","og_site_name":"Milk Sustainability Center","article_modified_time":"2024-05-13T13:36:24+00:00","og_image":[{"url":"https:\/\/dev.milksustainabilitycenter.com\/wp-content\/uploads\/2023\/11\/press-release.png","type":"","width":"","height":""}],"twitter_card":"summary_large_image","twitter_misc":{"Estimation du temps de lecture":"4 minutes"},"schema":{"@context":"https:\/\/schema.org","@graph":[{"@type":"WebPage","@id":"https:\/\/dev.milksustainabilitycenter.com\/fr_ca\/communique-de-presse\/","url":"https:\/\/dev.milksustainabilitycenter.com\/fr_ca\/communique-de-presse\/","name":"Communiqu\u00e9 de presse - Milk Sustainability Center","isPartOf":{"@id":"https:\/\/dev.milksustainabilitycenter.com\/fr_ca\/#website"},"primaryImageOfPage":{"@id":"https:\/\/dev.milksustainabilitycenter.com\/fr_ca\/communique-de-presse\/#primaryimage"},"image":{"@id":"https:\/\/dev.milksustainabilitycenter.com\/fr_ca\/communique-de-presse\/#primaryimage"},"thumbnailUrl":"https:\/\/dev.milksustainabilitycenter.com\/wp-content\/uploads\/2023\/11\/press-release.png","datePublished":"2023-09-27T06:59:43+00:00","dateModified":"2024-05-13T13:36:24+00:00","breadcrumb":{"@id":"https:\/\/dev.milksustainabilitycenter.com\/fr_ca\/communique-de-presse\/#breadcrumb"},"inLanguage":"fr-CA","potentialAction":[{"@type":"ReadAction","target":["https:\/\/dev.milksustainabilitycenter.com\/fr_ca\/communique-de-presse\/"]}]},{"@type":"ImageObject","inLanguage":"fr-CA","@id":"https:\/\/dev.milksustainabilitycenter.com\/fr_ca\/communique-de-presse\/#primaryimage","url":"https:\/\/dev.milksustainabilitycenter.com\/wp-content\/uploads\/2023\/11\/press-release.png","contentUrl":"https:\/\/dev.milksustainabilitycenter.com\/wp-content\/uploads\/2023\/11\/press-release.png"},{"@type":"BreadcrumbList","@id":"https:\/\/dev.milksustainabilitycenter.com\/fr_ca\/communique-de-presse\/#breadcrumb","itemListElement":[{"@type":"ListItem","position":1,"name":"Home","item":"https:\/\/dev.milksustainabilitycenter.com\/fr_ca\/"},{"@type":"ListItem","position":2,"name":"Communiqu\u00e9 de presse"}]},{"@type":"WebSite","@id":"https:\/\/dev.milksustainabilitycenter.com\/fr_ca\/#website","url":"https:\/\/dev.milksustainabilitycenter.com\/fr_ca\/","name":"Milk Sustainability Center","description":"","publisher":{"@id":"https:\/\/dev.milksustainabilitycenter.com\/fr_ca\/#organization"},"potentialAction":[{"@type":"SearchAction","target":{"@type":"EntryPoint","urlTemplate":"https:\/\/dev.milksustainabilitycenter.com\/fr_ca\/?s={search_term_string}"},"query-input":{"@type":"PropertyValueSpecification","valueRequired":true,"valueName":"search_term_string"}}],"inLanguage":"fr-CA"},{"@type":"Organization","@id":"https:\/\/dev.milksustainabilitycenter.com\/fr_ca\/#organization","name":"Milk Sustainability Center","url":"https:\/\/dev.milksustainabilitycenter.com\/fr_ca\/","logo":{"@type":"ImageObject","inLanguage":"fr-CA","@id":"https:\/\/dev.milksustainabilitycenter.com\/fr_ca\/#\/schema\/logo\/image\/","url":"https:\/\/dev.milksustainabilitycenter.com\/wp-content\/uploads\/2023\/11\/PRIMARY-FullColor.png","contentUrl":"https:\/\/dev.milksustainabilitycenter.com\/wp-content\/uploads\/2023\/11\/PRIMARY-FullColor.png","width":3696,"height":1666,"caption":"Milk Sustainability Center"},"image":{"@id":"https:\/\/dev.milksustainabilitycenter.com\/fr_ca\/#\/schema\/logo\/image\/"}}]}},"_links":{"self":[{"href":"https:\/\/dev.milksustainabilitycenter.com\/fr_ca\/wp-json\/wp\/v2\/pages\/4204","targetHints":{"allow":["GET"]}}],"collection":[{"href":"https:\/\/dev.milksustainabilitycenter.com\/fr_ca\/wp-json\/wp\/v2\/pages"}],"about":[{"href":"https:\/\/dev.milksustainabilitycenter.com\/fr_ca\/wp-json\/wp\/v2\/types\/page"}],"author":[{"embeddable":true,"href":"https:\/\/dev.milksustainabilitycenter.com\/fr_ca\/wp-json\/wp\/v2\/users\/4"}],"replies":[{"embeddable":true,"href":"https:\/\/dev.milksustainabilitycenter.com\/fr_ca\/wp-json\/wp\/v2\/comments?post=4204"}],"version-history":[{"count":3,"href":"https:\/\/dev.milksustainabilitycenter.com\/fr_ca\/wp-json\/wp\/v2\/pages\/4204\/revisions"}],"predecessor-version":[{"id":4208,"href":"https:\/\/dev.milksustainabilitycenter.com\/fr_ca\/wp-json\/wp\/v2\/pages\/4204\/revisions\/4208"}],"wp:attachment":[{"href":"https:\/\/dev.milksustainabilitycenter.com\/fr_ca\/wp-json\/wp\/v2\/media?parent=4204"}],"curies":[{"name":"wp","href":"https:\/\/api.w.org\/{rel}","templated":true}]}}