{"id":7996,"date":"2023-09-18T10:02:03","date_gmt":"2023-09-18T10:02:03","guid":{"rendered":"https:\/\/dev.milksustainabilitycenter.com\/politique-de-confidentialite\/"},"modified":"2025-07-30T13:38:17","modified_gmt":"2025-07-30T13:38:17","slug":"politique-de-confidentialite","status":"publish","type":"page","link":"https:\/\/dev.milksustainabilitycenter.com\/fr\/politique-de-confidentialite\/","title":{"rendered":"Politique de confidentialit\u00e9"},"content":{"rendered":"\t\t<div data-elementor-type=\"wp-page\" data-elementor-id=\"7996\" class=\"elementor elementor-7996 elementor-3\" data-elementor-post-type=\"page\">\n\t\t\t\t<div class=\"elementor-element elementor-element-542128a8 e-flex e-con-boxed e-con e-parent\" data-id=\"542128a8\" data-element_type=\"container\" data-e-type=\"container\">\n\t\t\t\t\t<div class=\"e-con-inner\">\n\t\t\t\t<div class=\"elementor-element elementor-element-ed07823 elementor-widget elementor-widget-heading\" data-id=\"ed07823\" data-element_type=\"widget\" data-e-type=\"widget\" data-widget_type=\"heading.default\">\n\t\t\t\t<div class=\"elementor-widget-container\">\n\t\t\t\t\t<h2 class=\"elementor-heading-title elementor-size-default\">Politique de confidentialit\u00e9<\/h2>\t\t\t\t<\/div>\n\t\t\t\t<\/div>\n\t\t<div class=\"elementor-element elementor-element-ad279c5 e-flex e-con-boxed e-con e-child\" data-id=\"ad279c5\" data-element_type=\"container\" data-e-type=\"container\">\n\t\t\t\t\t<div class=\"e-con-inner\">\n\t\t\t\t<div class=\"elementor-element elementor-element-7272176 elementor-widget elementor-widget-heading\" data-id=\"7272176\" data-element_type=\"widget\" data-e-type=\"widget\" data-widget_type=\"heading.default\">\n\t\t\t\t<div class=\"elementor-widget-container\">\n\t\t\t\t\t<h4 class=\"elementor-heading-title elementor-size-default\">Propri\u00e9taire et responsable du traitement des donn\u00e9es<\/h4>\t\t\t\t<\/div>\n\t\t\t\t<\/div>\n\t\t\t\t<div class=\"elementor-element elementor-element-5624ac2 elementor-widget elementor-widget-text-editor\" data-id=\"5624ac2\" data-element_type=\"widget\" data-e-type=\"widget\" data-widget_type=\"text-editor.default\">\n\t\t\t\t<div class=\"elementor-widget-container\">\n\t\t\t\t\t\t\t\t\t<p>Entrep\u00f4t de donn\u00e9es laiti\u00e8res<br>Stationsplein 14, 9401 LB Assen<br>Pays-Bas<\/p>\n<div class=\"one_line_col\">\n<p><strong>E-mail de contact du propri\u00e9taire :<\/strong> marketing@milksustainabilitycenter.com<\/p>\n<\/div>\t\t\t\t\t\t\t\t<\/div>\n\t\t\t\t<\/div>\n\t\t\t\t\t<\/div>\n\t\t\t\t<\/div>\n\t\t<div class=\"elementor-element elementor-element-d6471e8 e-flex e-con-boxed e-con e-child\" data-id=\"d6471e8\" data-element_type=\"container\" data-e-type=\"container\">\n\t\t\t\t\t<div class=\"e-con-inner\">\n\t\t\t\t<div class=\"elementor-element elementor-element-a65e2ec elementor-widget elementor-widget-heading\" data-id=\"a65e2ec\" data-element_type=\"widget\" data-e-type=\"widget\" data-widget_type=\"heading.default\">\n\t\t\t\t<div class=\"elementor-widget-container\">\n\t\t\t\t\t<h5 class=\"elementor-heading-title elementor-size-default\">Lisez dans la langue de votre choix<\/h5>\t\t\t\t<\/div>\n\t\t\t\t<\/div>\n\t\t\t\t<div class=\"elementor-element elementor-element-7431a09 elementor-icon-list--layout-traditional elementor-list-item-link-full_width elementor-widget elementor-widget-icon-list\" data-id=\"7431a09\" data-element_type=\"widget\" data-e-type=\"widget\" data-widget_type=\"icon-list.default\">\n\t\t\t\t<div class=\"elementor-widget-container\">\n\t\t\t\t\t\t\t<ul class=\"elementor-icon-list-items\">\n\t\t\t\t\t\t\t<li class=\"elementor-icon-list-item\">\n\t\t\t\t\t\t\t\t\t\t\t<a href=\"https:\/\/dev.milksustainabilitycenter.com\/fr\/msc_privacy-statement_30-07-2025_nl\/\" target=\"_blank\">\n\n\t\t\t\t\t\t\t\t\t\t\t\t<span class=\"elementor-icon-list-icon\">\n\t\t\t\t\t\t\t<svg xmlns=\"http:\/\/www.w3.org\/2000\/svg\" fill=\"none\" viewBox=\"0 0 36 24\"><g clip-path=\"url(#a)\"><path fill=\"#F0F0F0\" d=\"M36 0H0v23.996h36V0Z\"><\/path><path fill=\"#0052B4\" d=\"M36 15.997H0v7.999h36v-7.999Z\"><\/path><path fill=\"#FF4B55\" d=\"M36 0H0V8h36V0Z\"><\/path><\/g><defs><clipPath id=\"a\"><path fill=\"#fff\" d=\"M0 0h36v23.996H0z\"><\/path><\/clipPath><\/defs><\/svg>\t\t\t\t\t\t<\/span>\n\t\t\t\t\t\t\t\t\t\t<span class=\"elementor-icon-list-text\">N\u00e9erlandais<\/span>\n\t\t\t\t\t\t\t\t\t\t\t<\/a>\n\t\t\t\t\t\t\t\t\t<\/li>\n\t\t\t\t\t\t\t\t<li class=\"elementor-icon-list-item\">\n\t\t\t\t\t\t\t\t\t\t\t<a href=\"https:\/\/dev.milksustainabilitycenter.com\/fr\/msc_privacy-statement_30-07-2025_en\/\" target=\"_blank\">\n\n\t\t\t\t\t\t\t\t\t\t\t\t<span class=\"elementor-icon-list-icon\">\n\t\t\t\t\t\t\t<svg xmlns=\"http:\/\/www.w3.org\/2000\/svg\" fill=\"none\" viewBox=\"0 0 36 24\"><g clip-path=\"url(#a)\"><path fill=\"#0052B4\" d=\"M36 0H0v23.996h36V0Z\"><\/path><path fill=\"#F0F0F0\" fill-rule=\"evenodd\" d=\"M36 0v2.5l-9.052 6.033-2.08 1.386-3.119 2.079 3.12 2.08L36 21.496v2.499h-3.75l-10.784-7.188-1.386-.925L18 14.497l-2.08 1.386-1.386.925-10.785 7.188H0v-2.5l9.052-6.033 2.08-1.386 3.119-2.079-3.12-2.08-2.079-1.385L0 2.499V0h3.75l10.784 7.188 1.386.925L18 9.499l2.08-1.386 1.386-.925L32.251 0H36Z\" clip-rule=\"evenodd\"><\/path><path fill=\"#FF4B55\" fill-rule=\"evenodd\" d=\"m23.618 9.919-3.12 2.079 3.12 2.08 2.08 1.385L36 22.331v1.665h-2.498l-12.036-8.023-1.386-.924L18 13.663l-2.08 1.386-1.386.924-12.036 8.023H0v-1.665l10.303-6.868 2.08-1.386 3.119-2.079-3.12-2.08-2.079-1.385L0 1.665V0h2.498l12.036 8.023 1.386.924L18 10.333l2.08-1.386 1.386-.924L33.502 0H36v1.665L25.697 8.533l-2.08 1.386Z\" clip-rule=\"evenodd\"><\/path><path fill=\"#F0F0F0\" fill-rule=\"evenodd\" d=\"M21.466 15.464v8.532h-6.932v-8.532H0V8.533h14.534V0h6.932v8.533H36v6.93H21.466Z\" clip-rule=\"evenodd\"><\/path><path fill=\"#FF4B55\" fill-rule=\"evenodd\" d=\"M20.08 14.077v9.919h-4.16v-9.919H0V9.92h15.92V0h4.16V9.92H36v4.158H20.08Z\" clip-rule=\"evenodd\"><\/path><\/g><defs><clipPath id=\"a\"><path fill=\"#fff\" d=\"M0 0h36v23.996H0z\"><\/path><\/clipPath><\/defs><\/svg>\t\t\t\t\t\t<\/span>\n\t\t\t\t\t\t\t\t\t\t<span class=\"elementor-icon-list-text\">Anglais<\/span>\n\t\t\t\t\t\t\t\t\t\t\t<\/a>\n\t\t\t\t\t\t\t\t\t<\/li>\n\t\t\t\t\t\t\t\t<li class=\"elementor-icon-list-item\">\n\t\t\t\t\t\t\t\t\t\t\t<a href=\"https:\/\/dev.milksustainabilitycenter.com\/fr\/msc_privacy-statement-30-7-2025_dl\/\" target=\"_blank\">\n\n\t\t\t\t\t\t\t\t\t\t\t\t<span class=\"elementor-icon-list-icon\">\n\t\t\t\t\t\t\t<svg xmlns=\"http:\/\/www.w3.org\/2000\/svg\" fill=\"none\" viewBox=\"0 0 36 24\"><g clip-path=\"url(#a)\"><path fill=\"#FF4B55\" d=\"M36 0H0v24h36V0Z\"><\/path><path fill=\"#FFE15A\" d=\"M36 16H0v8h36v-8Z\"><\/path><path fill=\"#464655\" d=\"M36 0H0v8h36V0Z\"><\/path><\/g><defs><clipPath id=\"a\"><path fill=\"#fff\" d=\"M0 0h36v24H0z\"><\/path><\/clipPath><\/defs><\/svg>\t\t\t\t\t\t<\/span>\n\t\t\t\t\t\t\t\t\t\t<span class=\"elementor-icon-list-text\">Allemand<\/span>\n\t\t\t\t\t\t\t\t\t\t\t<\/a>\n\t\t\t\t\t\t\t\t\t<\/li>\n\t\t\t\t\t\t<\/ul>\n\t\t\t\t\t\t<\/div>\n\t\t\t\t<\/div>\n\t\t\t\t\t<\/div>\n\t\t\t\t<\/div>\n\t\t\t\t<div class=\"elementor-element elementor-element-6d2ca34 elementor-widget-divider--view-line elementor-widget elementor-widget-divider\" data-id=\"6d2ca34\" data-element_type=\"widget\" data-e-type=\"widget\" data-widget_type=\"divider.default\">\n\t\t\t\t<div class=\"elementor-widget-container\">\n\t\t\t\t\t\t\t<div class=\"elementor-divider\">\n\t\t\t<span class=\"elementor-divider-separator\">\n\t\t\t\t\t\t<\/span>\n\t\t<\/div>\n\t\t\t\t\t\t<\/div>\n\t\t\t\t<\/div>\n\t\t<div class=\"elementor-element elementor-element-3966cf2 e-con-full e-flex e-con e-child\" data-id=\"3966cf2\" data-element_type=\"container\" data-e-type=\"container\">\n\t\t\t\t<div class=\"elementor-element elementor-element-ee6b991 elementor-widget elementor-widget-heading\" data-id=\"ee6b991\" data-element_type=\"widget\" data-e-type=\"widget\" data-widget_type=\"heading.default\">\n\t\t\t\t<div class=\"elementor-widget-container\">\n\t\t\t\t\t<h5 class=\"elementor-heading-title elementor-size-default\">Politique en mati\u00e8re de cookies<\/h5>\t\t\t\t<\/div>\n\t\t\t\t<\/div>\n\t\t\t\t<div class=\"elementor-element elementor-element-f0a0804 elementor-widget elementor-widget-text-editor\" data-id=\"f0a0804\" data-element_type=\"widget\" data-e-type=\"widget\" data-widget_type=\"text-editor.default\">\n\t\t\t\t<div class=\"elementor-widget-container\">\n\t\t\t\t\t\t\t\t\t<div class=\"one_line_col\">\n<p>Cette application utilise des traceurs. Pour en savoir plus, les Utilisateurs peuvent consulter la <a class=\"link-dark\" title=\"Politique en mati\u00e8re de cookies\" href=\"https:\/\/dev.milksustainabilitycenter.com\/fr\/politique-en-matiere-de-cookies\/\">Politique en mati\u00e8re de cookies<\/a>. <\/p>\n<\/div>\t\t\t\t\t\t\t\t<\/div>\n\t\t\t\t<\/div>\n\t\t\t\t<\/div>\n\t\t\t\t\t<\/div>\n\t\t\t\t<\/div>\n\t\t\t\t<\/div>\n\t\t","protected":false},"excerpt":{"rendered":"<p>Politique de confidentialit\u00e9 Propri\u00e9taire et responsable du traitement des donn\u00e9es Entrep\u00f4t de donn\u00e9es laiti\u00e8resStationsplein 14, 9401 LB AssenPays-Bas E-mail de contact du propri\u00e9taire : marketing@milksustainabilitycenter.com Lisez dans la langue de votre choix N\u00e9erlandais Anglais Allemand Politique en mati\u00e8re de cookies Cette application utilise des traceurs. Pour en savoir plus, les Utilisateurs peuvent consulter la Politique [&hellip;]<\/p>\n","protected":false},"author":1,"featured_media":0,"parent":0,"menu_order":0,"comment_status":"closed","ping_status":"closed","template":"elementor_header_footer","meta":{"footnotes":""},"class_list":["post-7996","page","type-page","status-publish","hentry"],"yoast_head":"<!-- This site is optimized with the Yoast SEO plugin v27.3 - https:\/\/yoast.com\/product\/yoast-seo-wordpress\/ -->\n<title>Politique de confidentialit\u00e9 - Milk Sustainability Center<\/title>\n<meta name=\"robots\" content=\"noindex, nofollow\" \/>\n<meta property=\"og:locale\" content=\"fr_FR\" \/>\n<meta property=\"og:type\" content=\"article\" \/>\n<meta property=\"og:title\" content=\"Politique de confidentialit\u00e9 - Milk Sustainability Center\" \/>\n<meta property=\"og:description\" content=\"Politique de confidentialit\u00e9 Propri\u00e9taire et responsable du traitement des donn\u00e9es Entrep\u00f4t de donn\u00e9es laiti\u00e8resStationsplein 14, 9401 LB AssenPays-Bas E-mail de contact du propri\u00e9taire : marketing@milksustainabilitycenter.com Lisez dans la langue de votre choix N\u00e9erlandais Anglais Allemand Politique en mati\u00e8re de cookies Cette application utilise des traceurs. Pour en savoir plus, les Utilisateurs peuvent consulter la Politique [&hellip;]\" \/>\n<meta property=\"og:url\" content=\"https:\/\/dev.milksustainabilitycenter.com\/fr\/politique-de-confidentialite\/\" \/>\n<meta property=\"og:site_name\" content=\"Milk Sustainability Center\" \/>\n<meta property=\"article:modified_time\" content=\"2025-07-30T13:38:17+00:00\" \/>\n<meta property=\"og:image\" content=\"https:\/\/dev.milksustainabilitycenter.com\/wp-content\/uploads\/2023\/11\/cows-milking-collecting-home-min-e1717317592496-768x460.png\" \/>\n\t<meta property=\"og:image:width\" content=\"768\" \/>\n\t<meta property=\"og:image:height\" content=\"460\" \/>\n\t<meta property=\"og:image:type\" content=\"image\/png\" \/>\n<meta name=\"twitter:card\" content=\"summary_large_image\" \/>\n<script type=\"application\/ld+json\" class=\"yoast-schema-graph\">{\"@context\":\"https:\\\/\\\/schema.org\",\"@graph\":[{\"@type\":\"WebPage\",\"@id\":\"https:\\\/\\\/dev.milksustainabilitycenter.com\\\/fr\\\/politique-de-confidentialite\\\/\",\"url\":\"https:\\\/\\\/dev.milksustainabilitycenter.com\\\/fr\\\/politique-de-confidentialite\\\/\",\"name\":\"Politique de confidentialit\u00e9 - Milk Sustainability Center\",\"isPartOf\":{\"@id\":\"https:\\\/\\\/dev.milksustainabilitycenter.com\\\/fr\\\/#website\"},\"datePublished\":\"2023-09-18T10:02:03+00:00\",\"dateModified\":\"2025-07-30T13:38:17+00:00\",\"breadcrumb\":{\"@id\":\"https:\\\/\\\/dev.milksustainabilitycenter.com\\\/fr\\\/politique-de-confidentialite\\\/#breadcrumb\"},\"inLanguage\":\"fr-FR\",\"potentialAction\":[{\"@type\":\"ReadAction\",\"target\":[\"https:\\\/\\\/dev.milksustainabilitycenter.com\\\/fr\\\/politique-de-confidentialite\\\/\"]}]},{\"@type\":\"BreadcrumbList\",\"@id\":\"https:\\\/\\\/dev.milksustainabilitycenter.com\\\/fr\\\/politique-de-confidentialite\\\/#breadcrumb\",\"itemListElement\":[{\"@type\":\"ListItem\",\"position\":1,\"name\":\"Home\",\"item\":\"https:\\\/\\\/dev.milksustainabilitycenter.com\\\/fr\\\/\"},{\"@type\":\"ListItem\",\"position\":2,\"name\":\"Politique de confidentialit\u00e9\"}]},{\"@type\":\"WebSite\",\"@id\":\"https:\\\/\\\/dev.milksustainabilitycenter.com\\\/fr\\\/#website\",\"url\":\"https:\\\/\\\/dev.milksustainabilitycenter.com\\\/fr\\\/\",\"name\":\"Milk Sustainability Center\",\"description\":\"\",\"publisher\":{\"@id\":\"https:\\\/\\\/dev.milksustainabilitycenter.com\\\/fr\\\/#organization\"},\"potentialAction\":[{\"@type\":\"SearchAction\",\"target\":{\"@type\":\"EntryPoint\",\"urlTemplate\":\"https:\\\/\\\/dev.milksustainabilitycenter.com\\\/fr\\\/?s={search_term_string}\"},\"query-input\":{\"@type\":\"PropertyValueSpecification\",\"valueRequired\":true,\"valueName\":\"search_term_string\"}}],\"inLanguage\":\"fr-FR\"},{\"@type\":\"Organization\",\"@id\":\"https:\\\/\\\/dev.milksustainabilitycenter.com\\\/fr\\\/#organization\",\"name\":\"Milk Sustainability Center\",\"url\":\"https:\\\/\\\/dev.milksustainabilitycenter.com\\\/fr\\\/\",\"logo\":{\"@type\":\"ImageObject\",\"inLanguage\":\"fr-FR\",\"@id\":\"https:\\\/\\\/dev.milksustainabilitycenter.com\\\/fr\\\/#\\\/schema\\\/logo\\\/image\\\/\",\"url\":\"https:\\\/\\\/dev.milksustainabilitycenter.com\\\/wp-content\\\/uploads\\\/2023\\\/11\\\/PRIMARY-FullColor.png\",\"contentUrl\":\"https:\\\/\\\/dev.milksustainabilitycenter.com\\\/wp-content\\\/uploads\\\/2023\\\/11\\\/PRIMARY-FullColor.png\",\"width\":3696,\"height\":1666,\"caption\":\"Milk Sustainability Center\"},\"image\":{\"@id\":\"https:\\\/\\\/dev.milksustainabilitycenter.com\\\/fr\\\/#\\\/schema\\\/logo\\\/image\\\/\"}}]}<\/script>\n<!-- \/ Yoast SEO plugin. -->","yoast_head_json":{"title":"Politique de confidentialit\u00e9 - Milk Sustainability Center","robots":{"index":"noindex","follow":"nofollow"},"og_locale":"fr_FR","og_type":"article","og_title":"Politique de confidentialit\u00e9 - Milk Sustainability Center","og_description":"Politique de confidentialit\u00e9 Propri\u00e9taire et responsable du traitement des donn\u00e9es Entrep\u00f4t de donn\u00e9es laiti\u00e8resStationsplein 14, 9401 LB AssenPays-Bas E-mail de contact du propri\u00e9taire : marketing@milksustainabilitycenter.com Lisez dans la langue de votre choix N\u00e9erlandais Anglais Allemand Politique en mati\u00e8re de cookies Cette application utilise des traceurs. Pour en savoir plus, les Utilisateurs peuvent consulter la Politique [&hellip;]","og_url":"https:\/\/dev.milksustainabilitycenter.com\/fr\/politique-de-confidentialite\/","og_site_name":"Milk Sustainability Center","article_modified_time":"2025-07-30T13:38:17+00:00","og_image":[{"width":768,"height":460,"url":"https:\/\/dev.milksustainabilitycenter.com\/wp-content\/uploads\/2023\/11\/cows-milking-collecting-home-min-e1717317592496-768x460.png","type":"image\/png"}],"twitter_card":"summary_large_image","schema":{"@context":"https:\/\/schema.org","@graph":[{"@type":"WebPage","@id":"https:\/\/dev.milksustainabilitycenter.com\/fr\/politique-de-confidentialite\/","url":"https:\/\/dev.milksustainabilitycenter.com\/fr\/politique-de-confidentialite\/","name":"Politique de confidentialit\u00e9 - Milk Sustainability Center","isPartOf":{"@id":"https:\/\/dev.milksustainabilitycenter.com\/fr\/#website"},"datePublished":"2023-09-18T10:02:03+00:00","dateModified":"2025-07-30T13:38:17+00:00","breadcrumb":{"@id":"https:\/\/dev.milksustainabilitycenter.com\/fr\/politique-de-confidentialite\/#breadcrumb"},"inLanguage":"fr-FR","potentialAction":[{"@type":"ReadAction","target":["https:\/\/dev.milksustainabilitycenter.com\/fr\/politique-de-confidentialite\/"]}]},{"@type":"BreadcrumbList","@id":"https:\/\/dev.milksustainabilitycenter.com\/fr\/politique-de-confidentialite\/#breadcrumb","itemListElement":[{"@type":"ListItem","position":1,"name":"Home","item":"https:\/\/dev.milksustainabilitycenter.com\/fr\/"},{"@type":"ListItem","position":2,"name":"Politique de confidentialit\u00e9"}]},{"@type":"WebSite","@id":"https:\/\/dev.milksustainabilitycenter.com\/fr\/#website","url":"https:\/\/dev.milksustainabilitycenter.com\/fr\/","name":"Milk Sustainability Center","description":"","publisher":{"@id":"https:\/\/dev.milksustainabilitycenter.com\/fr\/#organization"},"potentialAction":[{"@type":"SearchAction","target":{"@type":"EntryPoint","urlTemplate":"https:\/\/dev.milksustainabilitycenter.com\/fr\/?s={search_term_string}"},"query-input":{"@type":"PropertyValueSpecification","valueRequired":true,"valueName":"search_term_string"}}],"inLanguage":"fr-FR"},{"@type":"Organization","@id":"https:\/\/dev.milksustainabilitycenter.com\/fr\/#organization","name":"Milk Sustainability Center","url":"https:\/\/dev.milksustainabilitycenter.com\/fr\/","logo":{"@type":"ImageObject","inLanguage":"fr-FR","@id":"https:\/\/dev.milksustainabilitycenter.com\/fr\/#\/schema\/logo\/image\/","url":"https:\/\/dev.milksustainabilitycenter.com\/wp-content\/uploads\/2023\/11\/PRIMARY-FullColor.png","contentUrl":"https:\/\/dev.milksustainabilitycenter.com\/wp-content\/uploads\/2023\/11\/PRIMARY-FullColor.png","width":3696,"height":1666,"caption":"Milk Sustainability Center"},"image":{"@id":"https:\/\/dev.milksustainabilitycenter.com\/fr\/#\/schema\/logo\/image\/"}}]}},"_links":{"self":[{"href":"https:\/\/dev.milksustainabilitycenter.com\/fr\/wp-json\/wp\/v2\/pages\/7996","targetHints":{"allow":["GET"]}}],"collection":[{"href":"https:\/\/dev.milksustainabilitycenter.com\/fr\/wp-json\/wp\/v2\/pages"}],"about":[{"href":"https:\/\/dev.milksustainabilitycenter.com\/fr\/wp-json\/wp\/v2\/types\/page"}],"author":[{"embeddable":true,"href":"https:\/\/dev.milksustainabilitycenter.com\/fr\/wp-json\/wp\/v2\/users\/1"}],"replies":[{"embeddable":true,"href":"https:\/\/dev.milksustainabilitycenter.com\/fr\/wp-json\/wp\/v2\/comments?post=7996"}],"version-history":[{"count":7,"href":"https:\/\/dev.milksustainabilitycenter.com\/fr\/wp-json\/wp\/v2\/pages\/7996\/revisions"}],"predecessor-version":[{"id":11904,"href":"https:\/\/dev.milksustainabilitycenter.com\/fr\/wp-json\/wp\/v2\/pages\/7996\/revisions\/11904"}],"wp:attachment":[{"href":"https:\/\/dev.milksustainabilitycenter.com\/fr\/wp-json\/wp\/v2\/media?parent=7996"}],"curies":[{"name":"wp","href":"https:\/\/api.w.org\/{rel}","templated":true}]}}