{"id":3535,"date":"2023-09-27T06:59:43","date_gmt":"2023-09-27T06:59:43","guid":{"rendered":"https:\/\/dev.milksustainabilitycenter.com\/header-new-dark\/"},"modified":"2024-05-13T13:36:23","modified_gmt":"2024-05-13T13:36:23","slug":"pressemitteilung","status":"publish","type":"page","link":"https:\/\/dev.milksustainabilitycenter.com\/de\/pressemitteilung\/","title":{"rendered":"Pressemitteilung"},"content":{"rendered":"\t\t<div data-elementor-type=\"wp-page\" data-elementor-id=\"3535\" class=\"elementor elementor-3535 elementor-14\" data-elementor-post-type=\"page\">\n\t\t\t\t<div class=\"elementor-element elementor-element-2bef34c e-flex e-con-boxed e-con e-parent\" data-id=\"2bef34c\" data-element_type=\"container\" data-e-type=\"container\">\n\t\t\t\t\t<div class=\"e-con-inner\">\n\t\t\t\t\t<\/div>\n\t\t\t\t<\/div>\n\t\t<div class=\"elementor-element elementor-element-21bd8f43 e-flex e-con-boxed e-con e-parent\" data-id=\"21bd8f43\" data-element_type=\"container\" data-e-type=\"container\">\n\t\t\t\t\t<div class=\"e-con-inner\">\n\t\t<div class=\"elementor-element elementor-element-bfa3552 e-flex e-con-boxed e-con e-child\" data-id=\"bfa3552\" data-element_type=\"container\" data-e-type=\"container\">\n\t\t\t\t\t<div class=\"e-con-inner\">\n\t\t<div class=\"elementor-element elementor-element-42e5994 e-flex e-con-boxed e-con e-child\" data-id=\"42e5994\" data-element_type=\"container\" data-e-type=\"container\">\n\t\t\t\t\t<div class=\"e-con-inner\">\n\t\t\t\t<div class=\"elementor-element elementor-element-3d6b020 elementor-widget elementor-widget-heading\" data-id=\"3d6b020\" data-element_type=\"widget\" data-e-type=\"widget\" data-widget_type=\"heading.default\">\n\t\t\t\t<div class=\"elementor-widget-container\">\n\t\t\t\t\t<h2 class=\"elementor-heading-title elementor-size-default\">John Deere und DeLaval gr\u00fcnden Strategische Partnerschaft f\u00fcr nachhaltige Milchproduktion<\/h2>\t\t\t\t<\/div>\n\t\t\t\t<\/div>\n\t\t\t\t<div class=\"elementor-element elementor-element-02322d0 elementor-widget elementor-widget-text-editor\" data-id=\"02322d0\" data-element_type=\"widget\" data-e-type=\"widget\" data-widget_type=\"text-editor.default\">\n\t\t\t\t<div class=\"elementor-widget-container\">\n\t\t\t\t\t\t\t\t\t<p><strong>MOLINE, Illinois (September 22, 2023)<\/strong>\u00a0<\/p>\n<p> John Deere und DeLaval b\u00fcndeln ihre Kr\u00e4fte, um gemeinsam das Milk Sustainability Center (MSC) zu etablieren. Mit diesem digitalen \u00d6kosystem werden Milchviehbetriebe bei der Umsetzung einer effizienteren und nachhaltigeren Produktion unterst\u00fctzt. Das System ist f\u00fcr weitere Partnerschaften offen und liefert den Betriebsleiter*innen alle Daten f\u00fcr einen guten \u00dcberblick \u00fcber ihren Betrieb.<\/p>\t\t\t\t\t\t\t\t<\/div>\n\t\t\t\t<\/div>\n\t\t\t\t\t<\/div>\n\t\t\t\t<\/div>\n\t\t<div class=\"elementor-element elementor-element-c3d178e fullheight e-flex e-con-boxed e-con e-child\" data-id=\"c3d178e\" data-element_type=\"container\" data-e-type=\"container\">\n\t\t\t\t\t<div class=\"e-con-inner\">\n\t\t\t\t<div class=\"elementor-element elementor-element-c7fb20b fullheight elementor-widget elementor-widget-image\" data-id=\"c7fb20b\" data-element_type=\"widget\" data-e-type=\"widget\" data-widget_type=\"image.default\">\n\t\t\t\t<div class=\"elementor-widget-container\">\n\t\t\t\t\t\t\t\t\t\t\t\t\t\t\t<img fetchpriority=\"high\" decoding=\"async\" width=\"800\" height=\"450\" src=\"https:\/\/dev.milksustainabilitycenter.com\/wp-content\/uploads\/2023\/11\/press-release.png\" class=\"attachment-large size-large wp-image-3181\" alt=\"\" srcset=\"https:\/\/dev.milksustainabilitycenter.com\/wp-content\/uploads\/2023\/11\/press-release.png 1600w, https:\/\/dev.milksustainabilitycenter.com\/wp-content\/uploads\/2023\/11\/press-release-300x169.png 300w, https:\/\/dev.milksustainabilitycenter.com\/wp-content\/uploads\/2023\/11\/press-release-768x432.png 768w, https:\/\/dev.milksustainabilitycenter.com\/wp-content\/uploads\/2023\/11\/press-release-1536x864.png 1536w, https:\/\/dev.milksustainabilitycenter.com\/wp-content\/uploads\/2023\/11\/press-release-18x10.png 18w\" sizes=\"(max-width: 800px) 100vw, 800px\" \/>\t\t\t\t\t\t\t\t\t\t\t\t\t\t\t<\/div>\n\t\t\t\t<\/div>\n\t\t\t\t\t<\/div>\n\t\t\t\t<\/div>\n\t\t\t\t\t<\/div>\n\t\t\t\t<\/div>\n\t\t\t\t<div class=\"elementor-element elementor-element-2e808fe elementor-widget elementor-widget-text-editor\" data-id=\"2e808fe\" data-element_type=\"widget\" data-e-type=\"widget\" data-widget_type=\"text-editor.default\">\n\t\t\t\t<div class=\"elementor-widget-container\">\n\t\t\t\t\t\t\t\t\t<p>Milchviehbetriebe k\u00f6nnen das Milk Sustainability Center nutzen, um ihre N\u00e4hrstoffeffizienz (Nutrient USE Efficiency, NUE) f\u00fcr Stickstoff, Phosphor, Kalium sowie die CO2e f\u00fcr ihren kompletten Betrieb, einzelne Schl\u00e4ge oder ihre Herde zu \u00fcberwachen. Das MSC hilft Milchviehhaltern au\u00dferdem die Leistung mit anderen Betrieben zu vergleichen und zeigt Bereiche auf, in denen Verbesserungen m\u00f6glich sind. Das MSC kann von allen Milchviehbetrieben genutzt werden, unabh\u00e4ngig von den eingesetzten Maschinenmarken und Softwarel\u00f6sungen.<\/p>\n\n<p>\u201eMilchproduktion ist heute sicherlich der komplexeste landwirtschaftliche Betriebszweig, bei dem die Pflanzen- und Tierproduktion bisher selten zusammen betrachtet wird. Die Betriebsleiter*innen nutzen auf ihrem Betrieb oft f\u00fcnf bis sieben unterschiedliche Softwarel\u00f6sungen, die nicht miteinander verbunden sind,\u201c berichtet Dave Chipak, Director, Dairy &#038; Livestock Production Systems, John Deere. \u201eMit dem MSC k\u00f6nnen Betriebe die N\u00e4hrstoffeffizienz und die CO2e f\u00fcr eine nachhaltige und zugleich profitable Produktion besser kalkulieren, vergleichen, simulieren und optimieren.\u201c<\/p> \n\n<p>Falls vom Landwirt autorisiert, werden Daten vom DeLaval Plus System und dem John Deere Operations Center automatisch in das MSC \u00fcbernommen. Dadurch wird die manuelle Dateneingabe reduziert und somit eine hohe Datenqualit\u00e4t sichergestellt. Letztendlich hilft es allen Gliedern der Produktionskette \u2013 Felder, K\u00fche, Mitarbeiter, Berater, Maschinen und anderen \u2013 effektiver zu harmonisieren.<\/p>  \n\n<p>Das MSC ist cloudbasiert und arbeitet auf allen Computern und Mobil-Ger\u00e4ten. Es wird von Dairy Data Warehouse BV (DDW) entwickelt und betrieben. Das niederl\u00e4ndische Unternehmen bietet seit zehn Jahren Datenl\u00f6sungen f\u00fcr eine nachhaltigere Milchproduktion an. Milchviehhaltern, Beratern, H\u00e4ndlern und anderen Partnern kann der Zugang zu den Daten gew\u00e4hrt werden.<\/p> \n\n<p>\u201eMilchviehhalter suchen nach M\u00f6glichkeiten, ihren Umwelt-Fu\u00dfabdruck zu verringern und die Nachhaltigkeit zu verbessern\u201c, fasst Lars Bergmann, Vice President Digital Services bei DeLaval zusammen. \u201eDas Milk Sustainability Center wird ihnen helfen, diese Ziele zu erreichen und auf zunehmende Herausforderungen von Molkereien, Lebensmittelh\u00e4ndlern, Regierungen und letztendlich Kunden reagieren zu k\u00f6nnen.\u201c<\/p> \n\n<p>Die Vorstellung der Partnerschaft zwischen John Deere und DeLaval wird ein wichtiger Bestandteil des John Deere Stands auf der AGRITECHNICA 2023 sein. Die Messe findet vom 12. bis 18. November in Hannover, Deutschland statt.<\/p> \n\n<p>Die Einf\u00fchrung des MSC erfolgt im Sommer 2024 in Nordamerika und ausgew\u00e4hlten europ\u00e4ischen L\u00e4ndern. Das System ist kostenlos verf\u00fcgbar. Eine Premium-Version mit erweiterten Optionen wird zu einem sp\u00e4teren Zeitpunkt in den Markt eingef\u00fchrt.<\/p>\n\n<p><strong>\u00dcber John Deere <\/strong><br \/>Deere &#038; Company (www.JohnDeere.com) ist ein f\u00fchrender Anbieter von Land-, Bau- und Forstmaschinen. Wir helfen unseren Kund*innen die M\u00f6glichkeiten zu erweitern, bei dem Bestreben produktiver und nachhaltiger zu produzieren, damit sich das Leben weiterentwickeln kann. Die Technologie in unseren Produkten, wie z.B. dem autonomen 8R Traktor, den See &#038; Spray Pflanzen-schutzger\u00e4ten und dem elektrisch betriebenen Baggerlader sind Beispiel wie wir helfen, den weltweit zunehmenden Bedarf an Nahrungsmitteln, Wohnraum und Infrastruktur zu befriedigen. Au\u00dferdem bietet das Unternehmen \u00fcber John Deere Financial umfangreiche Finanzdienstleistungen an.<\/p>\n\n<p><strong>\u00dcber DeLaval<\/strong><br \/>Es ist unsere Vision, die Lebensmittelproduktion nachhaltiger zu gestalten. Dabei setzt unser Unternehmen auf Innovationen. Wir arbeiten permanent daran, unseren Kunden, den Milchviehhaltern, neue M\u00f6glichkeiten zu bieten, mehr mit weniger Input zu leisten. Um dieses Ziel zu erreichen, bieten wir weltweit f\u00fchrende Melktechnologie und L\u00f6sungen an. <br \/>Aktuell besch\u00e4ftigt DeLaval rund um die Welt etwa 4.500 hochmotivierte Experten in mehr als 100 L\u00e4ndern. DeLaval geh\u00f6rt zur Tetra Laval Gruppe.<\/p>\n\n<p>Weitere Informationen finden Sie unter:<\/p>\n<ul class=\"no-list-style\">\n<li><a class=\"link-dark\" href=\"www.deere.com\/en\/news\/\">www.deere.com\/en\/news<\/a><\/li>\n<li><a class=\"link-dark\" href=\"https:\/\/corporate.delaval.com\/\">https:\/\/corporate.delaval.com<\/a><\/li>\n<li><a class=\"link-dark\" href=\"dairydatawarehouse.com\">DDW (dairydatawarehouse.com)<\/a><\/li><\/ul>\t\t\t\t\t\t\t\t<\/div>\n\t\t\t\t<\/div>\n\t\t<div class=\"elementor-element elementor-element-da251b7 e-flex e-con-boxed e-con e-child\" data-id=\"da251b7\" data-element_type=\"container\" data-e-type=\"container\">\n\t\t\t\t\t<div class=\"e-con-inner\">\n\t\t<div class=\"elementor-element elementor-element-98440f6 e-con-full e-flex e-con e-child\" data-id=\"98440f6\" data-element_type=\"container\" data-e-type=\"container\">\n\t\t\t\t<div class=\"elementor-element elementor-element-8fd44f8 elementor-widget__width-initial elementor-widget-mobile_extra__width-initial elementor-widget elementor-widget-text-editor\" data-id=\"8fd44f8\" data-element_type=\"widget\" data-e-type=\"widget\" data-widget_type=\"text-editor.default\">\n\t\t\t\t<div class=\"elementor-widget-container\">\n\t\t\t\t\t\t\t\t\t<p><strong>Contact:<\/strong><br \/>Ralf Lenge<br \/>Public Relations Manager<br \/><a class=\"link-dark\" href=\"mailto:LengeRalf@JohnDeere.com\">LengeRalf@JohnDeere.com<\/a><\/p>\n\t\t\t\t\t\t\t\t<\/div>\n\t\t\t\t<\/div>\n\t\t\t\t<\/div>\n\t\t<div class=\"elementor-element elementor-element-daaf1cd e-con-full e-flex e-con e-child\" data-id=\"daaf1cd\" data-element_type=\"container\" data-e-type=\"container\">\n\t\t\t\t<div class=\"elementor-element elementor-element-d3fbc49 elementor-widget-mobile_extra__width-initial elementor-widget elementor-widget-text-editor\" data-id=\"d3fbc49\" data-element_type=\"widget\" data-e-type=\"widget\" data-widget_type=\"text-editor.default\">\n\t\t\t\t<div class=\"elementor-widget-container\">\n\t\t\t\t\t\t\t\t\t<p><strong>Contact:<\/strong><br \/>Anna-Pia J\u00e4rnfors-Dixner<br \/>SVP Corporate Communications &amp; Sustainability\u00a0\u00a0\u00a0<br \/><a class=\"link-dark\" href=\"mailto:anna-pia.jarnfors@delaval.com\">anna-pia.jarnfors@delaval.com<\/a><\/p>\n\t\t\t\t\t\t\t\t<\/div>\n\t\t\t\t<\/div>\n\t\t\t\t<\/div>\n\t\t\t\t\t<\/div>\n\t\t\t\t<\/div>\n\t\t\t\t\t<\/div>\n\t\t\t\t<\/div>\n\t\t\t\t<\/div>\n\t\t","protected":false},"excerpt":{"rendered":"<p>John Deere und DeLaval gr\u00fcnden Strategische Partnerschaft f\u00fcr nachhaltige Milchproduktion MOLINE, Illinois (September 22, 2023)\u00a0 John Deere und DeLaval b\u00fcndeln ihre Kr\u00e4fte, um gemeinsam das Milk Sustainability Center (MSC) zu etablieren. Mit diesem digitalen \u00d6kosystem werden Milchviehbetriebe bei der Umsetzung einer effizienteren und nachhaltigeren Produktion unterst\u00fctzt. Das System ist f\u00fcr weitere Partnerschaften offen und liefert [&hellip;]<\/p>\n","protected":false},"author":4,"featured_media":0,"parent":0,"menu_order":0,"comment_status":"closed","ping_status":"closed","template":"elementor_header_footer","meta":{"footnotes":""},"class_list":["post-3535","page","type-page","status-publish","hentry"],"yoast_head":"<!-- This site is optimized with the Yoast SEO plugin v27.3 - https:\/\/yoast.com\/product\/yoast-seo-wordpress\/ -->\n<title>Pressemitteilung - Milk Sustainability Center<\/title>\n<meta name=\"robots\" content=\"index, follow, max-snippet:-1, max-image-preview:large, max-video-preview:-1\" \/>\n<link rel=\"canonical\" href=\"https:\/\/dev.milksustainabilitycenter.com\/de\/pressemitteilung\/\" \/>\n<meta property=\"og:locale\" content=\"de_DE\" \/>\n<meta property=\"og:type\" content=\"article\" \/>\n<meta property=\"og:title\" content=\"Pressemitteilung - Milk Sustainability Center\" \/>\n<meta property=\"og:description\" content=\"John Deere und DeLaval gr\u00fcnden Strategische Partnerschaft f\u00fcr nachhaltige Milchproduktion MOLINE, Illinois (September 22, 2023)\u00a0 John Deere und DeLaval b\u00fcndeln ihre Kr\u00e4fte, um gemeinsam das Milk Sustainability Center (MSC) zu etablieren. Mit diesem digitalen \u00d6kosystem werden Milchviehbetriebe bei der Umsetzung einer effizienteren und nachhaltigeren Produktion unterst\u00fctzt. Das System ist f\u00fcr weitere Partnerschaften offen und liefert [&hellip;]\" \/>\n<meta property=\"og:url\" content=\"https:\/\/dev.milksustainabilitycenter.com\/de\/pressemitteilung\/\" \/>\n<meta property=\"og:site_name\" content=\"Milk Sustainability Center\" \/>\n<meta property=\"article:modified_time\" content=\"2024-05-13T13:36:23+00:00\" \/>\n<meta property=\"og:image\" content=\"https:\/\/dev.milksustainabilitycenter.com\/wp-content\/uploads\/2023\/11\/press-release.png\" \/>\n<meta name=\"twitter:card\" content=\"summary_large_image\" \/>\n<meta name=\"twitter:label1\" content=\"Gesch\u00e4tzte Lesezeit\" \/>\n\t<meta name=\"twitter:data1\" content=\"3\u00a0Minuten\" \/>\n<script type=\"application\/ld+json\" class=\"yoast-schema-graph\">{\"@context\":\"https:\\\/\\\/schema.org\",\"@graph\":[{\"@type\":\"WebPage\",\"@id\":\"https:\\\/\\\/dev.milksustainabilitycenter.com\\\/de\\\/pressemitteilung\\\/\",\"url\":\"https:\\\/\\\/dev.milksustainabilitycenter.com\\\/de\\\/pressemitteilung\\\/\",\"name\":\"Pressemitteilung - Milk Sustainability Center\",\"isPartOf\":{\"@id\":\"https:\\\/\\\/dev.milksustainabilitycenter.com\\\/de\\\/#website\"},\"primaryImageOfPage\":{\"@id\":\"https:\\\/\\\/dev.milksustainabilitycenter.com\\\/de\\\/pressemitteilung\\\/#primaryimage\"},\"image\":{\"@id\":\"https:\\\/\\\/dev.milksustainabilitycenter.com\\\/de\\\/pressemitteilung\\\/#primaryimage\"},\"thumbnailUrl\":\"https:\\\/\\\/dev.milksustainabilitycenter.com\\\/wp-content\\\/uploads\\\/2023\\\/11\\\/press-release.png\",\"datePublished\":\"2023-09-27T06:59:43+00:00\",\"dateModified\":\"2024-05-13T13:36:23+00:00\",\"breadcrumb\":{\"@id\":\"https:\\\/\\\/dev.milksustainabilitycenter.com\\\/de\\\/pressemitteilung\\\/#breadcrumb\"},\"inLanguage\":\"de\",\"potentialAction\":[{\"@type\":\"ReadAction\",\"target\":[\"https:\\\/\\\/dev.milksustainabilitycenter.com\\\/de\\\/pressemitteilung\\\/\"]}]},{\"@type\":\"ImageObject\",\"inLanguage\":\"de\",\"@id\":\"https:\\\/\\\/dev.milksustainabilitycenter.com\\\/de\\\/pressemitteilung\\\/#primaryimage\",\"url\":\"https:\\\/\\\/dev.milksustainabilitycenter.com\\\/wp-content\\\/uploads\\\/2023\\\/11\\\/press-release.png\",\"contentUrl\":\"https:\\\/\\\/dev.milksustainabilitycenter.com\\\/wp-content\\\/uploads\\\/2023\\\/11\\\/press-release.png\"},{\"@type\":\"BreadcrumbList\",\"@id\":\"https:\\\/\\\/dev.milksustainabilitycenter.com\\\/de\\\/pressemitteilung\\\/#breadcrumb\",\"itemListElement\":[{\"@type\":\"ListItem\",\"position\":1,\"name\":\"Home\",\"item\":\"https:\\\/\\\/dev.milksustainabilitycenter.com\\\/de\\\/\"},{\"@type\":\"ListItem\",\"position\":2,\"name\":\"Pressemitteilung\"}]},{\"@type\":\"WebSite\",\"@id\":\"https:\\\/\\\/dev.milksustainabilitycenter.com\\\/de\\\/#website\",\"url\":\"https:\\\/\\\/dev.milksustainabilitycenter.com\\\/de\\\/\",\"name\":\"Milk Sustainability Center\",\"description\":\"\",\"publisher\":{\"@id\":\"https:\\\/\\\/dev.milksustainabilitycenter.com\\\/de\\\/#organization\"},\"potentialAction\":[{\"@type\":\"SearchAction\",\"target\":{\"@type\":\"EntryPoint\",\"urlTemplate\":\"https:\\\/\\\/dev.milksustainabilitycenter.com\\\/de\\\/?s={search_term_string}\"},\"query-input\":{\"@type\":\"PropertyValueSpecification\",\"valueRequired\":true,\"valueName\":\"search_term_string\"}}],\"inLanguage\":\"de\"},{\"@type\":\"Organization\",\"@id\":\"https:\\\/\\\/dev.milksustainabilitycenter.com\\\/de\\\/#organization\",\"name\":\"Milk Sustainability Center\",\"url\":\"https:\\\/\\\/dev.milksustainabilitycenter.com\\\/de\\\/\",\"logo\":{\"@type\":\"ImageObject\",\"inLanguage\":\"de\",\"@id\":\"https:\\\/\\\/dev.milksustainabilitycenter.com\\\/de\\\/#\\\/schema\\\/logo\\\/image\\\/\",\"url\":\"https:\\\/\\\/dev.milksustainabilitycenter.com\\\/wp-content\\\/uploads\\\/2023\\\/11\\\/PRIMARY-FullColor.png\",\"contentUrl\":\"https:\\\/\\\/dev.milksustainabilitycenter.com\\\/wp-content\\\/uploads\\\/2023\\\/11\\\/PRIMARY-FullColor.png\",\"width\":3696,\"height\":1666,\"caption\":\"Milk Sustainability Center\"},\"image\":{\"@id\":\"https:\\\/\\\/dev.milksustainabilitycenter.com\\\/de\\\/#\\\/schema\\\/logo\\\/image\\\/\"}}]}<\/script>\n<!-- \/ Yoast SEO plugin. -->","yoast_head_json":{"title":"Pressemitteilung - Milk Sustainability Center","robots":{"index":"index","follow":"follow","max-snippet":"max-snippet:-1","max-image-preview":"max-image-preview:large","max-video-preview":"max-video-preview:-1"},"canonical":"https:\/\/dev.milksustainabilitycenter.com\/de\/pressemitteilung\/","og_locale":"de_DE","og_type":"article","og_title":"Pressemitteilung - Milk Sustainability Center","og_description":"John Deere und DeLaval gr\u00fcnden Strategische Partnerschaft f\u00fcr nachhaltige Milchproduktion MOLINE, Illinois (September 22, 2023)\u00a0 John Deere und DeLaval b\u00fcndeln ihre Kr\u00e4fte, um gemeinsam das Milk Sustainability Center (MSC) zu etablieren. Mit diesem digitalen \u00d6kosystem werden Milchviehbetriebe bei der Umsetzung einer effizienteren und nachhaltigeren Produktion unterst\u00fctzt. Das System ist f\u00fcr weitere Partnerschaften offen und liefert [&hellip;]","og_url":"https:\/\/dev.milksustainabilitycenter.com\/de\/pressemitteilung\/","og_site_name":"Milk Sustainability Center","article_modified_time":"2024-05-13T13:36:23+00:00","og_image":[{"url":"https:\/\/dev.milksustainabilitycenter.com\/wp-content\/uploads\/2023\/11\/press-release.png","type":"","width":"","height":""}],"twitter_card":"summary_large_image","twitter_misc":{"Gesch\u00e4tzte Lesezeit":"3\u00a0Minuten"},"schema":{"@context":"https:\/\/schema.org","@graph":[{"@type":"WebPage","@id":"https:\/\/dev.milksustainabilitycenter.com\/de\/pressemitteilung\/","url":"https:\/\/dev.milksustainabilitycenter.com\/de\/pressemitteilung\/","name":"Pressemitteilung - Milk Sustainability Center","isPartOf":{"@id":"https:\/\/dev.milksustainabilitycenter.com\/de\/#website"},"primaryImageOfPage":{"@id":"https:\/\/dev.milksustainabilitycenter.com\/de\/pressemitteilung\/#primaryimage"},"image":{"@id":"https:\/\/dev.milksustainabilitycenter.com\/de\/pressemitteilung\/#primaryimage"},"thumbnailUrl":"https:\/\/dev.milksustainabilitycenter.com\/wp-content\/uploads\/2023\/11\/press-release.png","datePublished":"2023-09-27T06:59:43+00:00","dateModified":"2024-05-13T13:36:23+00:00","breadcrumb":{"@id":"https:\/\/dev.milksustainabilitycenter.com\/de\/pressemitteilung\/#breadcrumb"},"inLanguage":"de","potentialAction":[{"@type":"ReadAction","target":["https:\/\/dev.milksustainabilitycenter.com\/de\/pressemitteilung\/"]}]},{"@type":"ImageObject","inLanguage":"de","@id":"https:\/\/dev.milksustainabilitycenter.com\/de\/pressemitteilung\/#primaryimage","url":"https:\/\/dev.milksustainabilitycenter.com\/wp-content\/uploads\/2023\/11\/press-release.png","contentUrl":"https:\/\/dev.milksustainabilitycenter.com\/wp-content\/uploads\/2023\/11\/press-release.png"},{"@type":"BreadcrumbList","@id":"https:\/\/dev.milksustainabilitycenter.com\/de\/pressemitteilung\/#breadcrumb","itemListElement":[{"@type":"ListItem","position":1,"name":"Home","item":"https:\/\/dev.milksustainabilitycenter.com\/de\/"},{"@type":"ListItem","position":2,"name":"Pressemitteilung"}]},{"@type":"WebSite","@id":"https:\/\/dev.milksustainabilitycenter.com\/de\/#website","url":"https:\/\/dev.milksustainabilitycenter.com\/de\/","name":"Milk Sustainability Center","description":"","publisher":{"@id":"https:\/\/dev.milksustainabilitycenter.com\/de\/#organization"},"potentialAction":[{"@type":"SearchAction","target":{"@type":"EntryPoint","urlTemplate":"https:\/\/dev.milksustainabilitycenter.com\/de\/?s={search_term_string}"},"query-input":{"@type":"PropertyValueSpecification","valueRequired":true,"valueName":"search_term_string"}}],"inLanguage":"de"},{"@type":"Organization","@id":"https:\/\/dev.milksustainabilitycenter.com\/de\/#organization","name":"Milk Sustainability Center","url":"https:\/\/dev.milksustainabilitycenter.com\/de\/","logo":{"@type":"ImageObject","inLanguage":"de","@id":"https:\/\/dev.milksustainabilitycenter.com\/de\/#\/schema\/logo\/image\/","url":"https:\/\/dev.milksustainabilitycenter.com\/wp-content\/uploads\/2023\/11\/PRIMARY-FullColor.png","contentUrl":"https:\/\/dev.milksustainabilitycenter.com\/wp-content\/uploads\/2023\/11\/PRIMARY-FullColor.png","width":3696,"height":1666,"caption":"Milk Sustainability Center"},"image":{"@id":"https:\/\/dev.milksustainabilitycenter.com\/de\/#\/schema\/logo\/image\/"}}]}},"_links":{"self":[{"href":"https:\/\/dev.milksustainabilitycenter.com\/de\/wp-json\/wp\/v2\/pages\/3535","targetHints":{"allow":["GET"]}}],"collection":[{"href":"https:\/\/dev.milksustainabilitycenter.com\/de\/wp-json\/wp\/v2\/pages"}],"about":[{"href":"https:\/\/dev.milksustainabilitycenter.com\/de\/wp-json\/wp\/v2\/types\/page"}],"author":[{"embeddable":true,"href":"https:\/\/dev.milksustainabilitycenter.com\/de\/wp-json\/wp\/v2\/users\/4"}],"replies":[{"embeddable":true,"href":"https:\/\/dev.milksustainabilitycenter.com\/de\/wp-json\/wp\/v2\/comments?post=3535"}],"version-history":[{"count":6,"href":"https:\/\/dev.milksustainabilitycenter.com\/de\/wp-json\/wp\/v2\/pages\/3535\/revisions"}],"predecessor-version":[{"id":4577,"href":"https:\/\/dev.milksustainabilitycenter.com\/de\/wp-json\/wp\/v2\/pages\/3535\/revisions\/4577"}],"wp:attachment":[{"href":"https:\/\/dev.milksustainabilitycenter.com\/de\/wp-json\/wp\/v2\/media?parent=3535"}],"curies":[{"name":"wp","href":"https:\/\/api.w.org\/{rel}","templated":true}]}}