{"id":3487,"date":"2023-09-27T06:59:43","date_gmt":"2023-09-27T06:59:43","guid":{"rendered":"https:\/\/dev.milksustainabilitycenter.com\/header-new-dark\/"},"modified":"2024-09-05T07:33:23","modified_gmt":"2024-09-05T07:33:23","slug":"header-new-dark","status":"publish","type":"page","link":"https:\/\/dev.milksustainabilitycenter.com\/da\/header-new-dark\/","title":{"rendered":"Pressemeddelelse"},"content":{"rendered":"\t\t<div data-elementor-type=\"wp-page\" data-elementor-id=\"3487\" class=\"elementor elementor-3487 elementor-14\" data-elementor-post-type=\"page\">\n\t\t\t\t<div class=\"elementor-element elementor-element-2bef34c e-flex e-con-boxed e-con e-parent\" data-id=\"2bef34c\" data-element_type=\"container\" data-e-type=\"container\">\n\t\t\t\t\t<div class=\"e-con-inner\">\n\t\t\t\t\t<\/div>\n\t\t\t\t<\/div>\n\t\t<div class=\"elementor-element elementor-element-21bd8f43 e-flex e-con-boxed e-con e-parent\" data-id=\"21bd8f43\" data-element_type=\"container\" data-e-type=\"container\">\n\t\t\t\t\t<div class=\"e-con-inner\">\n\t\t<div class=\"elementor-element elementor-element-bfa3552 e-flex e-con-boxed e-con e-child\" data-id=\"bfa3552\" data-element_type=\"container\" data-e-type=\"container\">\n\t\t\t\t\t<div class=\"e-con-inner\">\n\t\t<div class=\"elementor-element elementor-element-42e5994 e-flex e-con-boxed e-con e-child\" data-id=\"42e5994\" data-element_type=\"container\" data-e-type=\"container\">\n\t\t\t\t\t<div class=\"e-con-inner\">\n\t\t\t\t<div class=\"elementor-element elementor-element-3d6b020 elementor-widget elementor-widget-heading\" data-id=\"3d6b020\" data-element_type=\"widget\" data-e-type=\"widget\" data-widget_type=\"heading.default\">\n\t\t\t\t<div class=\"elementor-widget-container\">\n\t\t\t\t\t<h2 class=\"elementor-heading-title elementor-size-default\">John Deere og DeLaval indg\u00e5r strategisk partnerskab for b\u00e6redygtig m\u00e6lkeproduktion<\/h2>\t\t\t\t<\/div>\n\t\t\t\t<\/div>\n\t\t\t\t<div class=\"elementor-element elementor-element-02322d0 elementor-widget elementor-widget-text-editor\" data-id=\"02322d0\" data-element_type=\"widget\" data-e-type=\"widget\" data-widget_type=\"text-editor.default\">\n\t\t\t\t<div class=\"elementor-widget-container\">\n\t\t\t\t\t\t\t\t\t<p><strong>MOLINE, Illinois (22. september 2023)<\/strong> <\/p>\n<p>John Deere og DeLaval er g\u00e5et sammen om at skabe Milk Sustainability Center (MSC), et digitalt \u00f8kosystem, der skal hj\u00e6lpe m\u00e6lkeproducenter med at forbedre effektiviteten og b\u00e6redygtigheden af deres drift. \u00d8kosystemet vil v\u00e6re \u00e5bent for partnere at deltage med det form\u00e5l at give landm\u00e6ndene de data, der er n\u00f8dvendige for et holistisk syn p\u00e5 mejeridriften.<\/p>\t\t\t\t\t\t\t\t<\/div>\n\t\t\t\t<\/div>\n\t\t\t\t\t<\/div>\n\t\t\t\t<\/div>\n\t\t<div class=\"elementor-element elementor-element-c3d178e fullheight e-flex e-con-boxed e-con e-child\" data-id=\"c3d178e\" data-element_type=\"container\" data-e-type=\"container\">\n\t\t\t\t\t<div class=\"e-con-inner\">\n\t\t\t\t<div class=\"elementor-element elementor-element-c7fb20b fullheight elementor-widget elementor-widget-image\" data-id=\"c7fb20b\" data-element_type=\"widget\" data-e-type=\"widget\" data-widget_type=\"image.default\">\n\t\t\t\t<div class=\"elementor-widget-container\">\n\t\t\t\t\t\t\t\t\t\t\t\t\t\t\t<img fetchpriority=\"high\" decoding=\"async\" width=\"800\" height=\"450\" src=\"https:\/\/dev.milksustainabilitycenter.com\/wp-content\/uploads\/2023\/11\/press-release.png\" class=\"attachment-large size-large wp-image-3178\" alt=\"\" srcset=\"https:\/\/dev.milksustainabilitycenter.com\/wp-content\/uploads\/2023\/11\/press-release.png 1600w, https:\/\/dev.milksustainabilitycenter.com\/wp-content\/uploads\/2023\/11\/press-release-300x169.png 300w, https:\/\/dev.milksustainabilitycenter.com\/wp-content\/uploads\/2023\/11\/press-release-768x432.png 768w, https:\/\/dev.milksustainabilitycenter.com\/wp-content\/uploads\/2023\/11\/press-release-1536x864.png 1536w, https:\/\/dev.milksustainabilitycenter.com\/wp-content\/uploads\/2023\/11\/press-release-18x10.png 18w\" sizes=\"(max-width: 800px) 100vw, 800px\" \/>\t\t\t\t\t\t\t\t\t\t\t\t\t\t\t<\/div>\n\t\t\t\t<\/div>\n\t\t\t\t\t<\/div>\n\t\t\t\t<\/div>\n\t\t\t\t\t<\/div>\n\t\t\t\t<\/div>\n\t\t\t\t<div class=\"elementor-element elementor-element-2e808fe elementor-widget elementor-widget-text-editor\" data-id=\"2e808fe\" data-element_type=\"widget\" data-e-type=\"widget\" data-widget_type=\"text-editor.default\">\n\t\t\t\t<div class=\"elementor-widget-container\">\n\t\t\t\t\t\t\t\t\t<p>M\u00e6lkeproducenter vil bruge Milk Sustainability Center til at overv\u00e5ge n\u00e6ringsstofudnyttelseseffektiviteten (NUE) for kv\u00e6lstof, fosfor, kalium og kuldioxid\u00e6kvivalent (CO2e) for hele deres g\u00e5rd, specifikke marker eller deres bes\u00e6tning. MSC vil ogs\u00e5 levere data, der g\u00f8r det muligt for m\u00e6lkeproducenter at sammenligne deres pr\u00e6stationer med andre mejerier og identificere n\u00f8gleomr\u00e5der, der kan forbedres. MSC sigter mod at betjene m\u00e6lkeproducenter uafh\u00e6ngigt af landbrugsmaskinem\u00e6rker og bes\u00e6tningsstyringssoftware.<\/p>\n<p>&#8220;M\u00e6lkeproduktion er m\u00e5ske den mest komplekse landbrugsvirksomhed i dag uden systemintegration mellem afgr\u00f8der og dyrs ydeevne. M\u00e6lkeproducenter bruger ofte fem til syv forskellige, ikke-forbundne softwarel\u00f8sninger til at drive deres forretning,&#8221; siger Dave Chipak, Director, Dairy &amp; Livestock Production Systems hos John Deere. &#8220;MSC vil g\u00f8re det muligt for m\u00e6lkeproducenter at beregne, benchmarke, simulere og optimere NUE og CO2e til b\u00e6redygtig og rentabel beslutningstagning.&#8221;<\/p>\n<p>Efter landmandens godkendelse vil data fra DeLaval Plus og John Deere Operations Center automatisk blive trukket ind i Milk Sustainability Center. Manuel dataindtastning vil blive reduceret, hvilket sikrer h\u00f8j datakvalitet og i sidste ende hj\u00e6lper et helt g\u00e5rdsystem \u2013 marker, k\u00f8er, medarbejdere, r\u00e5dgivere, maskiner og andre aktiver \u2013 til at arbejde effektivt sammen.<\/p>\n<p>MSC er cloud-baseret til station\u00e6re eller mobile enheder, bygget og drevet af Dairy Data Warehouse BV (DDW), en hollandsk baseret virksomhed, der har v\u00e6ret i drift i de sidste 10 \u00e5r, og som har tilbudt datal\u00f8sninger til b\u00e6redygtig mejeriproduktion. M\u00e6lkeproducenter, konsulenter, forhandlere og andre partnere kan ogs\u00e5 inviteres til at se deres data i MSC.<\/p>\n<p>&#8220;M\u00e6lkeproducenter s\u00f8ger m\u00e5der at reducere deres milj\u00f8m\u00e6ssige fodaftryk og forbedre b\u00e6redygtigheden p\u00e5,&#8221; siger Lars Bergmann, Executive Vice President Digital Services hos DeLaval. &#8220;Milk Sustainability Center vil hj\u00e6lpe m\u00e6lkeproducenter med at n\u00e5 deres m\u00e5l og im\u00f8dekomme voksende behov hos mejeriforarbejdningsvirksomheder, detailhandlere, regeringer og i sidste ende forbrugere.&#8221;<\/p>\n<p>Lanceringen af John Deere-DeLaval-partnerskabet vil v\u00e6re et centralt fokus p\u00e5 John Deere-standen p\u00e5 AGRITECHNICA 2023-messen, 12.-18. november, i Hannover, Tyskland.  <\/p>\n<p>Den f\u00f8rste version af MSC bliver udgivet i sommeren 2024 i Nordamerika og udvalgte EU-lande og vil v\u00e6re gratis. En premium-version med udvidede funktioner frigives p\u00e5 et senere tidspunkt.<\/p>\n<p><strong>Om John Deere<\/strong><br>Deere &amp; Company (www.JohnDeere.com) er en global leder inden for levering af landbrugs-, entrepren\u00f8r- og skovbrugsudstyr. Vi hj\u00e6lper vores kunder med at skubbe gr\u00e6nserne for, hvad der er muligt, p\u00e5 m\u00e5der, der er mere produktive og b\u00e6redygtige for at hj\u00e6lpe livet med at springe fremad. Vores teknologiaktiverede produkter, herunder John Deere autonom 8R-traktor, See &amp; Spray\u2122 og E-Power rendegraver, er blot nogle af de m\u00e5der, hvorp\u00e5 vi hj\u00e6lper med at im\u00f8dekomme verdens stigende behov for mad, husly og infrastruktur. Deere &amp; Company leverer ogs\u00e5 finansielle tjenester gennem John Deere Financial.<\/p>\n<p><strong>Om DeLaval<\/strong><br>Vores vision er at g\u00f8re b\u00e6redygtig f\u00f8devareproduktion mulig. Som en virksomhed, der er bygget p\u00e5 innovation, arbejder vi konstant p\u00e5 at finde m\u00e5der at hj\u00e6lpe vores kunder, m\u00e6lkeproducenter, med at g\u00f8re mere med mindre ved at levere verdensf\u00f8rende malkeudstyr og -l\u00f8sninger.  <br>I dag har DeLaval ca. 4.500 passionerede fagfolk, der opererer p\u00e5 mere end 100 markeder rundt om i verden. DeLaval er en del af Tetra Laval-koncernen.<\/p>\n<p>For mere information, bes\u00f8g os p\u00e5:<\/p>\n<ul class=\"no-list-style\">\n<li><a class=\"link-dark\" href=\"www.deere.com\/en\/news\/\">www.deere.com\/en\/news<\/a><\/li>\n<li><a class=\"link-dark\" href=\"https:\/\/corporate.delaval.com\/\">https:\/\/corporate.delaval.com<\/a><\/li>\n<li><a class=\"link-dark\" href=\"dairydatawarehouse.com\">DDW (dairydatawarehouse.com)<\/a><\/li><\/ul>\t\t\t\t\t\t\t\t<\/div>\n\t\t\t\t<\/div>\n\t\t<div class=\"elementor-element elementor-element-da251b7 e-flex e-con-boxed e-con e-child\" data-id=\"da251b7\" data-element_type=\"container\" data-e-type=\"container\">\n\t\t\t\t\t<div class=\"e-con-inner\">\n\t\t<div class=\"elementor-element elementor-element-98440f6 e-con-full e-flex e-con e-child\" data-id=\"98440f6\" data-element_type=\"container\" data-e-type=\"container\">\n\t\t\t\t<div class=\"elementor-element elementor-element-8fd44f8 elementor-widget__width-initial elementor-widget-mobile_extra__width-initial elementor-widget elementor-widget-text-editor\" data-id=\"8fd44f8\" data-element_type=\"widget\" data-e-type=\"widget\" data-widget_type=\"text-editor.default\">\n\t\t\t\t<div class=\"elementor-widget-container\">\n\t\t\t\t\t\t\t\t\t<p><strong>Kontakt:<\/strong><br \/>Ralf Lenge<br \/>PR-chef<br \/><a class=\"link-dark\" href=\"mailto:LengeRalf@JohnDeere.com\">LengeRalf@JohnDeere.com<\/a><\/p>\n\t\t\t\t\t\t\t\t<\/div>\n\t\t\t\t<\/div>\n\t\t\t\t<\/div>\n\t\t<div class=\"elementor-element elementor-element-daaf1cd e-con-full e-flex e-con e-child\" data-id=\"daaf1cd\" data-element_type=\"container\" data-e-type=\"container\">\n\t\t\t\t<div class=\"elementor-element elementor-element-d3fbc49 elementor-widget-mobile_extra__width-initial elementor-widget elementor-widget-text-editor\" data-id=\"d3fbc49\" data-element_type=\"widget\" data-e-type=\"widget\" data-widget_type=\"text-editor.default\">\n\t\t\t\t<div class=\"elementor-widget-container\">\n\t\t\t\t\t\t\t\t\t<p><strong>Kontakt:<\/strong><br \/>Anna-Pia J\u00e4rnfors-Dixner<br \/>Direkt\u00f8r for kommunikation og b\u00e6redygtighed  <br \/><a class=\"link-dark\" href=\"mailto:anna-pia.jarnfors@delaval.com\">anna-pia.jarnfors@delaval.com<\/a><\/p>\n\t\t\t\t\t\t\t\t<\/div>\n\t\t\t\t<\/div>\n\t\t\t\t<\/div>\n\t\t\t\t\t<\/div>\n\t\t\t\t<\/div>\n\t\t\t\t\t<\/div>\n\t\t\t\t<\/div>\n\t\t\t\t<\/div>\n\t\t","protected":false},"excerpt":{"rendered":"<p>John Deere og DeLaval indg\u00e5r strategisk partnerskab for b\u00e6redygtig m\u00e6lkeproduktion MOLINE, Illinois (22. september 2023) John Deere og DeLaval er g\u00e5et sammen om at skabe Milk Sustainability Center (MSC), et digitalt \u00f8kosystem, der skal hj\u00e6lpe m\u00e6lkeproducenter med at forbedre effektiviteten og b\u00e6redygtigheden af deres drift. \u00d8kosystemet vil v\u00e6re \u00e5bent for partnere at deltage med det [&hellip;]<\/p>\n","protected":false},"author":4,"featured_media":0,"parent":0,"menu_order":0,"comment_status":"closed","ping_status":"closed","template":"elementor_header_footer","meta":{"footnotes":""},"class_list":["post-3487","page","type-page","status-publish","hentry"],"yoast_head":"<!-- This site is optimized with the Yoast SEO plugin v27.3 - https:\/\/yoast.com\/product\/yoast-seo-wordpress\/ -->\n<title>Pressemeddelelse - Milk Sustainability Center<\/title>\n<meta name=\"robots\" content=\"index, follow, max-snippet:-1, max-image-preview:large, max-video-preview:-1\" \/>\n<link rel=\"canonical\" href=\"https:\/\/dev.milksustainabilitycenter.com\/da\/header-new-dark\/\" \/>\n<meta property=\"og:locale\" content=\"da_DK\" \/>\n<meta property=\"og:type\" content=\"article\" \/>\n<meta property=\"og:title\" content=\"Pressemeddelelse - Milk Sustainability Center\" \/>\n<meta property=\"og:description\" content=\"John Deere og DeLaval indg\u00e5r strategisk partnerskab for b\u00e6redygtig m\u00e6lkeproduktion MOLINE, Illinois (22. september 2023) John Deere og DeLaval er g\u00e5et sammen om at skabe Milk Sustainability Center (MSC), et digitalt \u00f8kosystem, der skal hj\u00e6lpe m\u00e6lkeproducenter med at forbedre effektiviteten og b\u00e6redygtigheden af deres drift. \u00d8kosystemet vil v\u00e6re \u00e5bent for partnere at deltage med det [&hellip;]\" \/>\n<meta property=\"og:url\" content=\"https:\/\/dev.milksustainabilitycenter.com\/da\/header-new-dark\/\" \/>\n<meta property=\"og:site_name\" content=\"Milk Sustainability Center\" \/>\n<meta property=\"article:modified_time\" content=\"2024-09-05T07:33:23+00:00\" \/>\n<meta property=\"og:image\" content=\"https:\/\/dev.milksustainabilitycenter.com\/wp-content\/uploads\/2023\/11\/press-release.png\" \/>\n<meta name=\"twitter:card\" content=\"summary_large_image\" \/>\n<meta name=\"twitter:label1\" content=\"Estimeret l\u00e6setid\" \/>\n\t<meta name=\"twitter:data1\" content=\"3 minutter\" \/>\n<script type=\"application\/ld+json\" class=\"yoast-schema-graph\">{\"@context\":\"https:\\\/\\\/schema.org\",\"@graph\":[{\"@type\":\"WebPage\",\"@id\":\"https:\\\/\\\/dev.milksustainabilitycenter.com\\\/da\\\/header-new-dark\\\/\",\"url\":\"https:\\\/\\\/dev.milksustainabilitycenter.com\\\/da\\\/header-new-dark\\\/\",\"name\":\"Pressemeddelelse - Milk Sustainability Center\",\"isPartOf\":{\"@id\":\"https:\\\/\\\/dev.milksustainabilitycenter.com\\\/da\\\/#website\"},\"primaryImageOfPage\":{\"@id\":\"https:\\\/\\\/dev.milksustainabilitycenter.com\\\/da\\\/header-new-dark\\\/#primaryimage\"},\"image\":{\"@id\":\"https:\\\/\\\/dev.milksustainabilitycenter.com\\\/da\\\/header-new-dark\\\/#primaryimage\"},\"thumbnailUrl\":\"https:\\\/\\\/dev.milksustainabilitycenter.com\\\/wp-content\\\/uploads\\\/2023\\\/11\\\/press-release.png\",\"datePublished\":\"2023-09-27T06:59:43+00:00\",\"dateModified\":\"2024-09-05T07:33:23+00:00\",\"breadcrumb\":{\"@id\":\"https:\\\/\\\/dev.milksustainabilitycenter.com\\\/da\\\/header-new-dark\\\/#breadcrumb\"},\"inLanguage\":\"da-DK\",\"potentialAction\":[{\"@type\":\"ReadAction\",\"target\":[\"https:\\\/\\\/dev.milksustainabilitycenter.com\\\/da\\\/header-new-dark\\\/\"]}]},{\"@type\":\"ImageObject\",\"inLanguage\":\"da-DK\",\"@id\":\"https:\\\/\\\/dev.milksustainabilitycenter.com\\\/da\\\/header-new-dark\\\/#primaryimage\",\"url\":\"https:\\\/\\\/dev.milksustainabilitycenter.com\\\/wp-content\\\/uploads\\\/2023\\\/11\\\/press-release.png\",\"contentUrl\":\"https:\\\/\\\/dev.milksustainabilitycenter.com\\\/wp-content\\\/uploads\\\/2023\\\/11\\\/press-release.png\"},{\"@type\":\"BreadcrumbList\",\"@id\":\"https:\\\/\\\/dev.milksustainabilitycenter.com\\\/da\\\/header-new-dark\\\/#breadcrumb\",\"itemListElement\":[{\"@type\":\"ListItem\",\"position\":1,\"name\":\"Home\",\"item\":\"https:\\\/\\\/dev.milksustainabilitycenter.com\\\/da\\\/\"},{\"@type\":\"ListItem\",\"position\":2,\"name\":\"Pressemeddelelse\"}]},{\"@type\":\"WebSite\",\"@id\":\"https:\\\/\\\/dev.milksustainabilitycenter.com\\\/da\\\/#website\",\"url\":\"https:\\\/\\\/dev.milksustainabilitycenter.com\\\/da\\\/\",\"name\":\"Milk Sustainability Center\",\"description\":\"\",\"publisher\":{\"@id\":\"https:\\\/\\\/dev.milksustainabilitycenter.com\\\/da\\\/#organization\"},\"potentialAction\":[{\"@type\":\"SearchAction\",\"target\":{\"@type\":\"EntryPoint\",\"urlTemplate\":\"https:\\\/\\\/dev.milksustainabilitycenter.com\\\/da\\\/?s={search_term_string}\"},\"query-input\":{\"@type\":\"PropertyValueSpecification\",\"valueRequired\":true,\"valueName\":\"search_term_string\"}}],\"inLanguage\":\"da-DK\"},{\"@type\":\"Organization\",\"@id\":\"https:\\\/\\\/dev.milksustainabilitycenter.com\\\/da\\\/#organization\",\"name\":\"Milk Sustainability Center\",\"url\":\"https:\\\/\\\/dev.milksustainabilitycenter.com\\\/da\\\/\",\"logo\":{\"@type\":\"ImageObject\",\"inLanguage\":\"da-DK\",\"@id\":\"https:\\\/\\\/dev.milksustainabilitycenter.com\\\/da\\\/#\\\/schema\\\/logo\\\/image\\\/\",\"url\":\"https:\\\/\\\/dev.milksustainabilitycenter.com\\\/wp-content\\\/uploads\\\/2023\\\/11\\\/PRIMARY-FullColor.png\",\"contentUrl\":\"https:\\\/\\\/dev.milksustainabilitycenter.com\\\/wp-content\\\/uploads\\\/2023\\\/11\\\/PRIMARY-FullColor.png\",\"width\":3696,\"height\":1666,\"caption\":\"Milk Sustainability Center\"},\"image\":{\"@id\":\"https:\\\/\\\/dev.milksustainabilitycenter.com\\\/da\\\/#\\\/schema\\\/logo\\\/image\\\/\"}}]}<\/script>\n<!-- \/ Yoast SEO plugin. -->","yoast_head_json":{"title":"Pressemeddelelse - Milk Sustainability Center","robots":{"index":"index","follow":"follow","max-snippet":"max-snippet:-1","max-image-preview":"max-image-preview:large","max-video-preview":"max-video-preview:-1"},"canonical":"https:\/\/dev.milksustainabilitycenter.com\/da\/header-new-dark\/","og_locale":"da_DK","og_type":"article","og_title":"Pressemeddelelse - Milk Sustainability Center","og_description":"John Deere og DeLaval indg\u00e5r strategisk partnerskab for b\u00e6redygtig m\u00e6lkeproduktion MOLINE, Illinois (22. september 2023) John Deere og DeLaval er g\u00e5et sammen om at skabe Milk Sustainability Center (MSC), et digitalt \u00f8kosystem, der skal hj\u00e6lpe m\u00e6lkeproducenter med at forbedre effektiviteten og b\u00e6redygtigheden af deres drift. \u00d8kosystemet vil v\u00e6re \u00e5bent for partnere at deltage med det [&hellip;]","og_url":"https:\/\/dev.milksustainabilitycenter.com\/da\/header-new-dark\/","og_site_name":"Milk Sustainability Center","article_modified_time":"2024-09-05T07:33:23+00:00","og_image":[{"url":"https:\/\/dev.milksustainabilitycenter.com\/wp-content\/uploads\/2023\/11\/press-release.png","type":"","width":"","height":""}],"twitter_card":"summary_large_image","twitter_misc":{"Estimeret l\u00e6setid":"3 minutter"},"schema":{"@context":"https:\/\/schema.org","@graph":[{"@type":"WebPage","@id":"https:\/\/dev.milksustainabilitycenter.com\/da\/header-new-dark\/","url":"https:\/\/dev.milksustainabilitycenter.com\/da\/header-new-dark\/","name":"Pressemeddelelse - Milk Sustainability Center","isPartOf":{"@id":"https:\/\/dev.milksustainabilitycenter.com\/da\/#website"},"primaryImageOfPage":{"@id":"https:\/\/dev.milksustainabilitycenter.com\/da\/header-new-dark\/#primaryimage"},"image":{"@id":"https:\/\/dev.milksustainabilitycenter.com\/da\/header-new-dark\/#primaryimage"},"thumbnailUrl":"https:\/\/dev.milksustainabilitycenter.com\/wp-content\/uploads\/2023\/11\/press-release.png","datePublished":"2023-09-27T06:59:43+00:00","dateModified":"2024-09-05T07:33:23+00:00","breadcrumb":{"@id":"https:\/\/dev.milksustainabilitycenter.com\/da\/header-new-dark\/#breadcrumb"},"inLanguage":"da-DK","potentialAction":[{"@type":"ReadAction","target":["https:\/\/dev.milksustainabilitycenter.com\/da\/header-new-dark\/"]}]},{"@type":"ImageObject","inLanguage":"da-DK","@id":"https:\/\/dev.milksustainabilitycenter.com\/da\/header-new-dark\/#primaryimage","url":"https:\/\/dev.milksustainabilitycenter.com\/wp-content\/uploads\/2023\/11\/press-release.png","contentUrl":"https:\/\/dev.milksustainabilitycenter.com\/wp-content\/uploads\/2023\/11\/press-release.png"},{"@type":"BreadcrumbList","@id":"https:\/\/dev.milksustainabilitycenter.com\/da\/header-new-dark\/#breadcrumb","itemListElement":[{"@type":"ListItem","position":1,"name":"Home","item":"https:\/\/dev.milksustainabilitycenter.com\/da\/"},{"@type":"ListItem","position":2,"name":"Pressemeddelelse"}]},{"@type":"WebSite","@id":"https:\/\/dev.milksustainabilitycenter.com\/da\/#website","url":"https:\/\/dev.milksustainabilitycenter.com\/da\/","name":"Milk Sustainability Center","description":"","publisher":{"@id":"https:\/\/dev.milksustainabilitycenter.com\/da\/#organization"},"potentialAction":[{"@type":"SearchAction","target":{"@type":"EntryPoint","urlTemplate":"https:\/\/dev.milksustainabilitycenter.com\/da\/?s={search_term_string}"},"query-input":{"@type":"PropertyValueSpecification","valueRequired":true,"valueName":"search_term_string"}}],"inLanguage":"da-DK"},{"@type":"Organization","@id":"https:\/\/dev.milksustainabilitycenter.com\/da\/#organization","name":"Milk Sustainability Center","url":"https:\/\/dev.milksustainabilitycenter.com\/da\/","logo":{"@type":"ImageObject","inLanguage":"da-DK","@id":"https:\/\/dev.milksustainabilitycenter.com\/da\/#\/schema\/logo\/image\/","url":"https:\/\/dev.milksustainabilitycenter.com\/wp-content\/uploads\/2023\/11\/PRIMARY-FullColor.png","contentUrl":"https:\/\/dev.milksustainabilitycenter.com\/wp-content\/uploads\/2023\/11\/PRIMARY-FullColor.png","width":3696,"height":1666,"caption":"Milk Sustainability Center"},"image":{"@id":"https:\/\/dev.milksustainabilitycenter.com\/da\/#\/schema\/logo\/image\/"}}]}},"_links":{"self":[{"href":"https:\/\/dev.milksustainabilitycenter.com\/da\/wp-json\/wp\/v2\/pages\/3487","targetHints":{"allow":["GET"]}}],"collection":[{"href":"https:\/\/dev.milksustainabilitycenter.com\/da\/wp-json\/wp\/v2\/pages"}],"about":[{"href":"https:\/\/dev.milksustainabilitycenter.com\/da\/wp-json\/wp\/v2\/types\/page"}],"author":[{"embeddable":true,"href":"https:\/\/dev.milksustainabilitycenter.com\/da\/wp-json\/wp\/v2\/users\/4"}],"replies":[{"embeddable":true,"href":"https:\/\/dev.milksustainabilitycenter.com\/da\/wp-json\/wp\/v2\/comments?post=3487"}],"version-history":[{"count":13,"href":"https:\/\/dev.milksustainabilitycenter.com\/da\/wp-json\/wp\/v2\/pages\/3487\/revisions"}],"predecessor-version":[{"id":7982,"href":"https:\/\/dev.milksustainabilitycenter.com\/da\/wp-json\/wp\/v2\/pages\/3487\/revisions\/7982"}],"wp:attachment":[{"href":"https:\/\/dev.milksustainabilitycenter.com\/da\/wp-json\/wp\/v2\/media?parent=3487"}],"curies":[{"name":"wp","href":"https:\/\/api.w.org\/{rel}","templated":true}]}}